 {"id":1341,"date":"2022-11-18T13:32:03","date_gmt":"2022-11-18T13:32:03","guid":{"rendered":"https:\/\/quangthinhdesign.website\/?page_id=1341"},"modified":"2023-09-13T13:01:24","modified_gmt":"2023-09-13T13:01:24","slug":"poster","status":"publish","type":"page","link":"https:\/\/quangthinhdesign.website\/index.php\/cv-resume-truong-quang-thinh\/poster\/","title":{"rendered":""},"content":{"rendered":"\t\t<div data-elementor-type=\"wp-page\" data-elementor-id=\"1341\" class=\"elementor elementor-1341\">\n\t\t\t\t\t\t\t\t\t<section class=\"elementor-section elementor-top-section elementor-element elementor-element-30986f06 elementor-section-stretched elementor-section-boxed elementor-section-height-default elementor-section-height-default\" data-id=\"30986f06\" data-element_type=\"section\" data-settings=\"{&quot;background_background&quot;:&quot;classic&quot;,&quot;stretch_section&quot;:&quot;section-stretched&quot;}\">\n\t\t\t\t\t\t\t<div class=\"elementor-background-overlay\"><\/div>\n\t\t\t\t\t\t\t<div class=\"elementor-container elementor-column-gap-default\">\n\t\t\t\t\t<div class=\"elementor-column elementor-col-100 elementor-top-column elementor-element elementor-element-348ec94d\" data-id=\"348ec94d\" data-element_type=\"column\" data-settings=\"{&quot;background_background&quot;:&quot;classic&quot;}\">\n\t\t\t<div class=\"elementor-widget-wrap elementor-element-populated\">\n\t\t\t\t\t\t\t\t<section class=\"elementor-section elementor-inner-section elementor-element elementor-element-32e84a79 elementor-section-boxed elementor-section-height-default elementor-section-height-default\" data-id=\"32e84a79\" data-element_type=\"section\">\n\t\t\t\t\t\t<div class=\"elementor-container elementor-column-gap-default\">\n\t\t\t\t\t<div class=\"elementor-column elementor-col-100 elementor-inner-column elementor-element elementor-element-1be57136\" data-id=\"1be57136\" data-element_type=\"column\">\n\t\t\t<div class=\"elementor-widget-wrap elementor-element-populated\">\n\t\t\t\t\t\t\t\t<div class=\"elementor-element elementor-element-74f9afe9 elementor-widget elementor-widget-heading\" data-id=\"74f9afe9\" data-element_type=\"widget\" data-widget_type=\"heading.default\">\n\t\t\t\t<div class=\"elementor-widget-container\">\n\t\t\t<style>\/*! elementor - v3.8.0 - 30-10-2022 *\/\n.elementor-heading-title{padding:0;margin:0;line-height:1}.elementor-widget-heading .elementor-heading-title[class*=elementor-size-]>a{color:inherit;font-size:inherit;line-height:inherit}.elementor-widget-heading .elementor-heading-title.elementor-size-small{font-size:15px}.elementor-widget-heading .elementor-heading-title.elementor-size-medium{font-size:19px}.elementor-widget-heading .elementor-heading-title.elementor-size-large{font-size:29px}.elementor-widget-heading .elementor-heading-title.elementor-size-xl{font-size:39px}.elementor-widget-heading .elementor-heading-title.elementor-size-xxl{font-size:59px}<\/style><h2 class=\"elementor-heading-title elementor-size-default\">Poster<\/h2>\t\t<\/div>\n\t\t\t\t<\/div>\n\t\t\t\t<div class=\"elementor-element elementor-element-54737955 elementor-widget-divider--view-line elementor-widget elementor-widget-divider\" data-id=\"54737955\" data-element_type=\"widget\" data-widget_type=\"divider.default\">\n\t\t\t\t<div class=\"elementor-widget-container\">\n\t\t\t<style>\/*! elementor - v3.8.0 - 30-10-2022 *\/\n.elementor-widget-divider{--divider-border-style:none;--divider-border-width:1px;--divider-color:#2c2c2c;--divider-icon-size:20px;--divider-element-spacing:10px;--divider-pattern-height:24px;--divider-pattern-size:20px;--divider-pattern-url:none;--divider-pattern-repeat:repeat-x}.elementor-widget-divider .elementor-divider{display:-webkit-box;display:-ms-flexbox;display:flex}.elementor-widget-divider .elementor-divider__text{font-size:15px;line-height:1;max-width:95%}.elementor-widget-divider .elementor-divider__element{margin:0 var(--divider-element-spacing);-ms-flex-negative:0;flex-shrink:0}.elementor-widget-divider .elementor-icon{font-size:var(--divider-icon-size)}.elementor-widget-divider .elementor-divider-separator{display:-webkit-box;display:-ms-flexbox;display:flex;margin:0;direction:ltr}.elementor-widget-divider--view-line_icon .elementor-divider-separator,.elementor-widget-divider--view-line_text .elementor-divider-separator{-webkit-box-align:center;-ms-flex-align:center;align-items:center}.elementor-widget-divider--view-line_icon .elementor-divider-separator:after,.elementor-widget-divider--view-line_icon .elementor-divider-separator:before,.elementor-widget-divider--view-line_text .elementor-divider-separator:after,.elementor-widget-divider--view-line_text .elementor-divider-separator:before{display:block;content:\"\";border-bottom:0;-webkit-box-flex:1;-ms-flex-positive:1;flex-grow:1;border-top:var(--divider-border-width) var(--divider-border-style) var(--divider-color)}.elementor-widget-divider--element-align-left .elementor-divider .elementor-divider-separator>.elementor-divider__svg:first-of-type{-webkit-box-flex:0;-ms-flex-positive:0;flex-grow:0;-ms-flex-negative:100;flex-shrink:100}.elementor-widget-divider--element-align-left .elementor-divider-separator:before{content:none}.elementor-widget-divider--element-align-left .elementor-divider__element{margin-left:0}.elementor-widget-divider--element-align-right .elementor-divider .elementor-divider-separator>.elementor-divider__svg:last-of-type{-webkit-box-flex:0;-ms-flex-positive:0;flex-grow:0;-ms-flex-negative:100;flex-shrink:100}.elementor-widget-divider--element-align-right .elementor-divider-separator:after{content:none}.elementor-widget-divider--element-align-right .elementor-divider__element{margin-right:0}.elementor-widget-divider:not(.elementor-widget-divider--view-line_text):not(.elementor-widget-divider--view-line_icon) .elementor-divider-separator{border-top:var(--divider-border-width) var(--divider-border-style) var(--divider-color)}.elementor-widget-divider--separator-type-pattern{--divider-border-style:none}.elementor-widget-divider--separator-type-pattern.elementor-widget-divider--view-line .elementor-divider-separator,.elementor-widget-divider--separator-type-pattern:not(.elementor-widget-divider--view-line) .elementor-divider-separator:after,.elementor-widget-divider--separator-type-pattern:not(.elementor-widget-divider--view-line) .elementor-divider-separator:before,.elementor-widget-divider--separator-type-pattern:not([class*=elementor-widget-divider--view]) .elementor-divider-separator{width:100%;min-height:var(--divider-pattern-height);-webkit-mask-size:var(--divider-pattern-size) 100%;mask-size:var(--divider-pattern-size) 100%;-webkit-mask-repeat:var(--divider-pattern-repeat);mask-repeat:var(--divider-pattern-repeat);background-color:var(--divider-color);-webkit-mask-image:var(--divider-pattern-url);mask-image:var(--divider-pattern-url)}.elementor-widget-divider--no-spacing{--divider-pattern-size:auto}.elementor-widget-divider--bg-round{--divider-pattern-repeat:round}.rtl .elementor-widget-divider .elementor-divider__text{direction:rtl}.e-con-inner>.elementor-widget-divider,.e-con>.elementor-widget-divider{width:var(--container-widget-width,100%)}<\/style>\t\t<div class=\"elementor-divider\">\n\t\t\t<span class=\"elementor-divider-separator\">\n\t\t\t\t\t\t<\/span>\n\t\t<\/div>\n\t\t\t\t<\/div>\n\t\t\t\t<\/div>\n\t\t\t\t<div class=\"elementor-element elementor-element-8c2f5bb elementor-widget elementor-widget-text-editor\" data-id=\"8c2f5bb\" data-element_type=\"widget\" data-widget_type=\"text-editor.default\">\n\t\t\t\t<div class=\"elementor-widget-container\">\n\t\t\t<style>\/*! elementor - v3.8.0 - 30-10-2022 *\/\n.elementor-widget-text-editor.elementor-drop-cap-view-stacked .elementor-drop-cap{background-color:#818a91;color:#fff}.elementor-widget-text-editor.elementor-drop-cap-view-framed .elementor-drop-cap{color:#818a91;border:3px solid;background-color:transparent}.elementor-widget-text-editor:not(.elementor-drop-cap-view-default) .elementor-drop-cap{margin-top:8px}.elementor-widget-text-editor:not(.elementor-drop-cap-view-default) .elementor-drop-cap-letter{width:1em;height:1em}.elementor-widget-text-editor .elementor-drop-cap{float:left;text-align:center;line-height:1;font-size:50px}.elementor-widget-text-editor .elementor-drop-cap-letter{display:inline-block}<\/style>\t\t\t\t<p>Poster l\u00e0 m\u1ed9t \u1ea5n ph\u1ea9m chuy\u1ec3n t\u1ea3i th\u00f4ng tin qua c\u00e1c c\u00e2u ch\u1eef (t\u1eeb ng\u1eef) v\u00e0\/ho\u1eb7c th\u00f4ng qua nh\u1eefng h\u00ecnh \u1ea3nh \u0111\u1ed3 h\u1ecda (c\u00e1c bi\u1ec3u t\u01b0\u1ee3ng ho\u1eb7c b\u1ee9c h\u00ecnh, tranh v\u1ebd). Poster ph\u1ea3i chuy\u1ec3n t\u1ea3i \u0111\u01b0\u1ee3c th\u00f4ng \u0111i\u1ec7p th\u1eadt g\u1ea7n g\u0169i \u0111\u00fang v\u1edbi m\u1ee5c \u0111\u00edch l\u00e0m poster v\u00e0 ph\u1ea3i g\u00e2y \u1ea5n t\u01b0\u1ee3ng cho ng\u01b0\u1eddi xem ngay khi l\u01b0\u1edbt nh\u00ecn qua l\u1ea7n \u0111\u1ea7u.<\/p>\t\t\t\t\t\t<\/div>\n\t\t\t\t<\/div>\n\t\t\t\t\t<\/div>\n\t\t<\/div>\n\t\t\t\t\t\t\t<\/div>\n\t\t<\/section>\n\t\t\t\t<div class=\"elementor-element elementor-element-4b9b35b0 elementor-widget elementor-widget-spacer\" data-id=\"4b9b35b0\" data-element_type=\"widget\" data-widget_type=\"spacer.default\">\n\t\t\t\t<div class=\"elementor-widget-container\">\n\t\t\t<style>\/*! elementor - v3.8.0 - 30-10-2022 *\/\n.elementor-column .elementor-spacer-inner{height:var(--spacer-size)}.e-con{--container-widget-width:100%}.e-con-inner>.elementor-widget-spacer,.e-con>.elementor-widget-spacer{width:var(--container-widget-width,var(--spacer-size));-ms-flex-item-align:stretch;align-self:stretch;-ms-flex-negative:0;flex-shrink:0}.e-con-inner>.elementor-widget-spacer>.elementor-widget-container,.e-con-inner>.elementor-widget-spacer>.elementor-widget-container>.elementor-spacer,.e-con>.elementor-widget-spacer>.elementor-widget-container,.e-con>.elementor-widget-spacer>.elementor-widget-container>.elementor-spacer{height:100%}.e-con-inner>.elementor-widget-spacer>.elementor-widget-container>.elementor-spacer>.elementor-spacer-inner,.e-con>.elementor-widget-spacer>.elementor-widget-container>.elementor-spacer>.elementor-spacer-inner{height:var(--container-widget-height,var(--spacer-size))}<\/style>\t\t<div class=\"elementor-spacer\">\n\t\t\t<div class=\"elementor-spacer-inner\"><\/div>\n\t\t<\/div>\n\t\t\t\t<\/div>\n\t\t\t\t<\/div>\n\t\t\t\t<section class=\"elementor-section elementor-inner-section elementor-element elementor-element-2b9e69e5 elementor-section-full_width elementor-section-height-default elementor-section-height-default\" data-id=\"2b9e69e5\" data-element_type=\"section\">\n\t\t\t\t\t\t<div class=\"elementor-container elementor-column-gap-default\">\n\t\t\t\t\t<div class=\"elementor-column elementor-col-33 elementor-inner-column elementor-element elementor-element-100ea61c\" data-id=\"100ea61c\" data-element_type=\"column\">\n\t\t\t<div class=\"elementor-widget-wrap elementor-element-populated\">\n\t\t\t\t\t\t\t\t<div class=\"elementor-element elementor-element-7664069e elementor-widget elementor-widget-image\" data-id=\"7664069e\" data-element_type=\"widget\" data-widget_type=\"image.default\">\n\t\t\t\t<div class=\"elementor-widget-container\">\n\t\t\t<style>\/*! elementor - v3.8.0 - 30-10-2022 *\/\n.elementor-widget-image{text-align:center}.elementor-widget-image a{display:inline-block}.elementor-widget-image a img[src$=\".svg\"]{width:48px}.elementor-widget-image img{vertical-align:middle;display:inline-block}<\/style>\t\t\t\t\t\t\t\t\t\t\t\t\t<a href=\"https:\/\/quangthinhdesign.website\/wp-content\/uploads\/2022\/11\/khuyen-mai-dau-nam_800x1179.jpg\" data-elementor-open-lightbox=\"yes\" data-elementor-lightbox-title=\"khuyen-mai-dau-nam_800x1179\" e-action-hash=\"#elementor-action%3Aaction%3Dlightbox%26settings%3DeyJpZCI6MTM0NywidXJsIjoiaHR0cHM6XC9cL3F1YW5ndGhpbmhkZXNpZ24ud2Vic2l0ZVwvd3AtY29udGVudFwvdXBsb2Fkc1wvMjAyMlwvMTFcL2todXllbi1tYWktZGF1LW5hbV84MDB4MTE3OS5qcGcifQ%3D%3D\">\n\t\t\t\t\t\t\t<img decoding=\"async\" src=\"https:\/\/quangthinhdesign.website\/wp-content\/uploads\/elementor\/thumbs\/khuyen-mai-dau-nam_800x1179-pxw9sz0g3rov0fz0cie74wa3g7y42d9hnu3nrodj4e.jpg\" title=\"khuyen-mai-dau-nam_800x1179\" alt=\"khuyen-mai-dau-nam_800x1179\" class=\"elementor-animation-grow\" \/>\t\t\t\t\t\t\t\t<\/a>\n\t\t\t\t\t\t\t\t\t\t\t\t\t\t\t<\/div>\n\t\t\t\t<\/div>\n\t\t\t\t<div class=\"elementor-element elementor-element-62ff68b elementor-widget elementor-widget-image\" data-id=\"62ff68b\" data-element_type=\"widget\" data-widget_type=\"image.default\">\n\t\t\t\t<div class=\"elementor-widget-container\">\n\t\t\t\t\t\t\t\t\t\t\t\t\t\t\t\t<a href=\"https:\/\/quangthinhdesign.website\/wp-content\/uploads\/2022\/11\/lau-hoa-dong-noi-900-x603.jpg\" data-elementor-open-lightbox=\"yes\" data-elementor-lightbox-title=\"l\u1ea9u-hoa-\u0111\u1ed3ng-n\u1ed9i-900-x603\" e-action-hash=\"#elementor-action%3Aaction%3Dlightbox%26settings%3DeyJpZCI6NjYwLCJ1cmwiOiJodHRwczpcL1wvcXVhbmd0aGluaGRlc2lnbi53ZWJzaXRlXC93cC1jb250ZW50XC91cGxvYWRzXC8yMDIyXC8xMVwvbGF1LWhvYS1kb25nLW5vaS05MDAteDYwMy5qcGcifQ%3D%3D\">\n\t\t\t\t\t\t\t<img decoding=\"async\" src=\"https:\/\/quangthinhdesign.website\/wp-content\/uploads\/elementor\/thumbs\/lau-hoa-dong-noi-900-x603-pxsgwguvn6xx02i1i1rj75izrsooc48ms0zu1jwazo.jpg\" title=\"l\u1ea9u-hoa-\u0111\u1ed3ng-n\u1ed9i-900-x603\" alt=\"l\u1ea9u-hoa-\u0111\u1ed3ng-n\u1ed9i-900-x603\" class=\"elementor-animation-grow\" \/>\t\t\t\t\t\t\t\t<\/a>\n\t\t\t\t\t\t\t\t\t\t\t\t\t\t\t<\/div>\n\t\t\t\t<\/div>\n\t\t\t\t\t<\/div>\n\t\t<\/div>\n\t\t\t\t<div class=\"elementor-column elementor-col-33 elementor-inner-column elementor-element elementor-element-40dccb33\" data-id=\"40dccb33\" data-element_type=\"column\">\n\t\t\t<div class=\"elementor-widget-wrap elementor-element-populated\">\n\t\t\t\t\t\t\t\t<div class=\"elementor-element elementor-element-3402792 elementor-widget elementor-widget-image\" data-id=\"3402792\" data-element_type=\"widget\" data-widget_type=\"image.default\">\n\t\t\t\t<div class=\"elementor-widget-container\">\n\t\t\t\t\t\t\t\t\t\t\t\t\t\t\t\t<a href=\"https:\/\/quangthinhdesign.website\/wp-content\/uploads\/2022\/11\/Mothers-Day-Sale-poster_800x1423.jpg\" data-elementor-open-lightbox=\"yes\" data-elementor-lightbox-title=\"Mothers-Day-Sale-poster_800x1423\" e-action-hash=\"#elementor-action%3Aaction%3Dlightbox%26settings%3DeyJpZCI6MTM1MSwidXJsIjoiaHR0cHM6XC9cL3F1YW5ndGhpbmhkZXNpZ24ud2Vic2l0ZVwvd3AtY29udGVudFwvdXBsb2Fkc1wvMjAyMlwvMTFcL01vdGhlcnMtRGF5LVNhbGUtcG9zdGVyXzgwMHgxNDIzLmpwZyJ9\">\n\t\t\t\t\t\t\t<img decoding=\"async\" src=\"https:\/\/quangthinhdesign.website\/wp-content\/uploads\/elementor\/thumbs\/Mothers-Day-Sale-poster_800x1423-pxw9tq9rlyrkaf6oayjz9cfotdmt6cw6yw1214dndi.jpg\" title=\"Mothers-Day-Sale-poster_800x1423\" alt=\"Mothers-Day-Sale-poster_800x1423\" class=\"elementor-animation-grow\" \/>\t\t\t\t\t\t\t\t<\/a>\n\t\t\t\t\t\t\t\t\t\t\t\t\t\t\t<\/div>\n\t\t\t\t<\/div>\n\t\t\t\t<div class=\"elementor-element elementor-element-ce8109b elementor-widget elementor-widget-image\" data-id=\"ce8109b\" data-element_type=\"widget\" data-widget_type=\"image.default\">\n\t\t\t\t<div class=\"elementor-widget-container\">\n\t\t\t\t\t\t\t\t\t\t\t\t\t\t\t\t<a href=\"https:\/\/quangthinhdesign.website\/wp-content\/uploads\/2022\/11\/POSTER-4_1200x1200.jpg\" data-elementor-open-lightbox=\"yes\" data-elementor-lightbox-title=\"POSTER-4_1200x1200\" e-action-hash=\"#elementor-action%3Aaction%3Dlightbox%26settings%3DeyJpZCI6MTM1NSwidXJsIjoiaHR0cHM6XC9cL3F1YW5ndGhpbmhkZXNpZ24ud2Vic2l0ZVwvd3AtY29udGVudFwvdXBsb2Fkc1wvMjAyMlwvMTFcL1BPU1RFUi00XzEyMDB4MTIwMC5qcGcifQ%3D%3D\">\n\t\t\t\t\t\t\t<img decoding=\"async\" src=\"https:\/\/quangthinhdesign.website\/wp-content\/uploads\/elementor\/thumbs\/POSTER-4_1200x1200-pxwa1zarllymq85x0kz2ee1dqh80p88auwqs982yio.jpg\" title=\"POSTER-4_1200x1200\" alt=\"POSTER-4_1200x1200\" class=\"elementor-animation-grow\" \/>\t\t\t\t\t\t\t\t<\/a>\n\t\t\t\t\t\t\t\t\t\t\t\t\t\t\t<\/div>\n\t\t\t\t<\/div>\n\t\t\t\t\t<\/div>\n\t\t<\/div>\n\t\t\t\t<div class=\"elementor-column elementor-col-33 elementor-inner-column elementor-element elementor-element-914666f\" data-id=\"914666f\" data-element_type=\"column\">\n\t\t\t<div class=\"elementor-widget-wrap elementor-element-populated\">\n\t\t\t\t\t\t\t\t<div class=\"elementor-element elementor-element-37e348ad elementor-widget elementor-widget-image\" data-id=\"37e348ad\" data-element_type=\"widget\" data-widget_type=\"image.default\">\n\t\t\t\t<div class=\"elementor-widget-container\">\n\t\t\t\t\t\t\t\t\t\t\t\t\t\t\t\t<a href=\"https:\/\/quangthinhdesign.website\/wp-content\/uploads\/2022\/11\/279578035_365877488926803_685926487580839656_n.jpg\" data-elementor-open-lightbox=\"yes\" data-elementor-lightbox-title=\"279578035_365877488926803_685926487580839656_n\" e-action-hash=\"#elementor-action%3Aaction%3Dlightbox%26settings%3DeyJpZCI6NTgwLCJ1cmwiOiJodHRwczpcL1wvcXVhbmd0aGluaGRlc2lnbi53ZWJzaXRlXC93cC1jb250ZW50XC91cGxvYWRzXC8yMDIyXC8xMVwvMjc5NTc4MDM1XzM2NTg3NzQ4ODkyNjgwM182ODU5MjY0ODc1ODA4Mzk2NTZfbi5qcGcifQ%3D%3D\">\n\t\t\t\t\t\t\t<img decoding=\"async\" src=\"https:\/\/quangthinhdesign.website\/wp-content\/uploads\/elementor\/thumbs\/279578035_365877488926803_685926487580839656_n-pxsg98aion2h5kr9kidcuy37k6cei8ocnqo8x3kjli.jpg\" title=\"279578035_365877488926803_685926487580839656_n\" alt=\"279578035_365877488926803_685926487580839656_n\" class=\"elementor-animation-grow\" \/>\t\t\t\t\t\t\t\t<\/a>\n\t\t\t\t\t\t\t\t\t\t\t\t\t\t\t<\/div>\n\t\t\t\t<\/div>\n\t\t\t\t<div class=\"elementor-element elementor-element-6f86632 elementor-widget elementor-widget-image\" data-id=\"6f86632\" data-element_type=\"widget\" data-widget_type=\"image.default\">\n\t\t\t\t<div class=\"elementor-widget-container\">\n\t\t\t\t\t\t\t\t\t\t\t\t\t\t\t\t<a href=\"https:\/\/quangthinhdesign.website\/wp-content\/uploads\/2022\/11\/Banner-giam-gia-2.jpg\" data-elementor-open-lightbox=\"yes\" data-elementor-lightbox-title=\"Banner-giam-gia-2\" e-action-hash=\"#elementor-action%3Aaction%3Dlightbox%26settings%3DeyJpZCI6NjA2LCJ1cmwiOiJodHRwczpcL1wvcXVhbmd0aGluaGRlc2lnbi53ZWJzaXRlXC93cC1jb250ZW50XC91cGxvYWRzXC8yMDIyXC8xMVwvQmFubmVyLWdpYW0tZ2lhLTIuanBnIn0%3D\">\n\t\t\t\t\t\t\t<img decoding=\"async\" src=\"https:\/\/quangthinhdesign.website\/wp-content\/uploads\/elementor\/thumbs\/Banner-giam-gia-2-pxsghwd05cijnhnoiudrd6s9nptrix8l3yw663jfo0.jpg\" title=\"Banner-giam-gia-2\" alt=\"Banner-giam-gia-2\" class=\"elementor-animation-grow\" \/>\t\t\t\t\t\t\t\t<\/a>\n\t\t\t\t\t\t\t\t\t\t\t\t\t\t\t<\/div>\n\t\t\t\t<\/div>\n\t\t\t\t<div class=\"elementor-element elementor-element-04cabec elementor-widget elementor-widget-image\" data-id=\"04cabec\" data-element_type=\"widget\" data-widget_type=\"image.default\">\n\t\t\t\t<div class=\"elementor-widget-container\">\n\t\t\t\t\t\t\t\t\t\t\t\t\t\t\t\t<a href=\"https:\/\/quangthinhdesign.website\/wp-content\/uploads\/2022\/11\/poster-Christmas-SOL-Rooftop_1200x1200.jpg\" data-elementor-open-lightbox=\"yes\" data-elementor-lightbox-title=\"poster-Christmas-SOL-Rooftop_1200x1200\" e-action-hash=\"#elementor-action%3Aaction%3Dlightbox%26settings%3DeyJpZCI6MTM1OSwidXJsIjoiaHR0cHM6XC9cL3F1YW5ndGhpbmhkZXNpZ24ud2Vic2l0ZVwvd3AtY29udGVudFwvdXBsb2Fkc1wvMjAyMlwvMTFcL3Bvc3Rlci1DaHJpc3RtYXMtU09MLVJvb2Z0b3BfMTIwMHgxMjAwLmpwZyJ9\">\n\t\t\t\t\t\t\t<img decoding=\"async\" src=\"https:\/\/quangthinhdesign.website\/wp-content\/uploads\/elementor\/thumbs\/poster-Christmas-SOL-Rooftop_1200x1200-pxwa3t3jbq1kixtt675ah34de4myzjwy7jl45ebuhc.jpg\" title=\"poster-Christmas-SOL-Rooftop_1200x1200\" alt=\"poster-Christmas-SOL-Rooftop_1200x1200\" class=\"elementor-animation-grow\" \/>\t\t\t\t\t\t\t\t<\/a>\n\t\t\t\t\t\t\t\t\t\t\t\t\t\t\t<\/div>\n\t\t\t\t<\/div>\n\t\t\t\t\t<\/div>\n\t\t<\/div>\n\t\t\t\t\t\t\t<\/div>\n\t\t<\/section>\n\t\t\t\t\t<\/div>\n\t\t<\/div>\n\t\t\t\t\t\t\t<\/div>\n\t\t<\/section>\n\t\t\t\t\t\t\t<\/div>\n\t\t","protected":false},"excerpt":{"rendered":"<p>Poster Poster l\u00e0 m\u1ed9t \u1ea5n ph\u1ea9m chuy\u1ec3n t\u1ea3i th\u00f4ng tin qua c\u00e1c c\u00e2u ch\u1eef (t\u1eeb ng\u1eef) v\u00e0\/ho\u1eb7c th\u00f4ng qua nh\u1eefng h\u00ecnh \u1ea3nh \u0111\u1ed3 h\u1ecda (c\u00e1c bi\u1ec3u t\u01b0\u1ee3ng ho\u1eb7c b\u1ee9c h\u00ecnh, tranh v\u1ebd). Poster ph\u1ea3i chuy\u1ec3n t\u1ea3i \u0111\u01b0\u1ee3c th\u00f4ng \u0111i\u1ec7p th\u1eadt g\u1ea7n g\u0169i \u0111\u00fang v\u1edbi m\u1ee5c \u0111\u00edch l\u00e0m poster v\u00e0 ph\u1ea3i g\u00e2y \u1ea5n t\u01b0\u1ee3ng cho ng\u01b0\u1eddi [&hellip;]<\/p>\n","protected":false},"author":1,"featured_media":0,"parent":56,"menu_order":0,"comment_status":"closed","ping_status":"closed","template":"","meta":{"om_disable_all_campaigns":false,"_monsterinsights_skip_tracking":false,"_monsterinsights_sitenote_active":false,"_monsterinsights_sitenote_note":"","_monsterinsights_sitenote_category":0,"footnotes":""},"class_list":["post-1341","page","type-page","status-publish","hentry"],"aioseo_notices":[],"_links":{"self":[{"href":"https:\/\/quangthinhdesign.website\/index.php\/wp-json\/wp\/v2\/pages\/1341","targetHints":{"allow":["GET"]}}],"collection":[{"href":"https:\/\/quangthinhdesign.website\/index.php\/wp-json\/wp\/v2\/pages"}],"about":[{"href":"https:\/\/quangthinhdesign.website\/index.php\/wp-json\/wp\/v2\/types\/page"}],"author":[{"embeddable":true,"href":"https:\/\/quangthinhdesign.website\/index.php\/wp-json\/wp\/v2\/users\/1"}],"replies":[{"embeddable":true,"href":"https:\/\/quangthinhdesign.website\/index.php\/wp-json\/wp\/v2\/comments?post=1341"}],"version-history":[{"count":34,"href":"https:\/\/quangthinhdesign.website\/index.php\/wp-json\/wp\/v2\/pages\/1341\/revisions"}],"predecessor-version":[{"id":1669,"href":"https:\/\/quangthinhdesign.website\/index.php\/wp-json\/wp\/v2\/pages\/1341\/revisions\/1669"}],"up":[{"embeddable":true,"href":"https:\/\/quangthinhdesign.website\/index.php\/wp-json\/wp\/v2\/pages\/56"}],"wp:attachment":[{"href":"https:\/\/quangthinhdesign.website\/index.php\/wp-json\/wp\/v2\/media?parent=1341"}],"curies":[{"name":"wp","href":"https:\/\/api.w.org\/{rel}","templated":true}]}}