 {"id":1724,"date":"2023-09-13T15:32:03","date_gmt":"2023-09-13T15:32:03","guid":{"rendered":"https:\/\/quangthinhdesign.website\/?page_id=1724"},"modified":"2024-03-05T08:22:18","modified_gmt":"2024-03-05T08:22:18","slug":"bao-bi-san-pham","status":"publish","type":"page","link":"https:\/\/quangthinhdesign.website\/index.php\/cv-resume-truong-quang-thinh\/bao-bi-san-pham\/","title":{"rendered":""},"content":{"rendered":"\t\t<div data-elementor-type=\"wp-page\" data-elementor-id=\"1724\" class=\"elementor elementor-1724\">\n\t\t\t\t\t\t\t\t\t<section class=\"elementor-section elementor-top-section elementor-element elementor-element-30986f06 elementor-section-stretched elementor-section-boxed elementor-section-height-default elementor-section-height-default\" data-id=\"30986f06\" data-element_type=\"section\" data-settings=\"{&quot;background_background&quot;:&quot;classic&quot;,&quot;stretch_section&quot;:&quot;section-stretched&quot;}\">\n\t\t\t\t\t\t\t<div class=\"elementor-background-overlay\"><\/div>\n\t\t\t\t\t\t\t<div class=\"elementor-container elementor-column-gap-default\">\n\t\t\t\t\t<div class=\"elementor-column elementor-col-100 elementor-top-column elementor-element elementor-element-348ec94d\" data-id=\"348ec94d\" data-element_type=\"column\" data-settings=\"{&quot;background_background&quot;:&quot;classic&quot;}\">\n\t\t\t<div class=\"elementor-widget-wrap elementor-element-populated\">\n\t\t\t\t\t\t\t\t<section class=\"elementor-section elementor-inner-section elementor-element elementor-element-32e84a79 elementor-section-boxed elementor-section-height-default elementor-section-height-default\" data-id=\"32e84a79\" data-element_type=\"section\">\n\t\t\t\t\t\t<div class=\"elementor-container elementor-column-gap-default\">\n\t\t\t\t\t<div class=\"elementor-column elementor-col-100 elementor-inner-column elementor-element elementor-element-1be57136\" data-id=\"1be57136\" data-element_type=\"column\">\n\t\t\t<div class=\"elementor-widget-wrap elementor-element-populated\">\n\t\t\t\t\t\t\t\t<div class=\"elementor-element elementor-element-74f9afe9 elementor-widget elementor-widget-heading\" data-id=\"74f9afe9\" data-element_type=\"widget\" data-widget_type=\"heading.default\">\n\t\t\t\t<div class=\"elementor-widget-container\">\n\t\t\t<style>\/*! elementor - v3.8.0 - 30-10-2022 *\/\n.elementor-heading-title{padding:0;margin:0;line-height:1}.elementor-widget-heading .elementor-heading-title[class*=elementor-size-]>a{color:inherit;font-size:inherit;line-height:inherit}.elementor-widget-heading .elementor-heading-title.elementor-size-small{font-size:15px}.elementor-widget-heading .elementor-heading-title.elementor-size-medium{font-size:19px}.elementor-widget-heading .elementor-heading-title.elementor-size-large{font-size:29px}.elementor-widget-heading .elementor-heading-title.elementor-size-xl{font-size:39px}.elementor-widget-heading .elementor-heading-title.elementor-size-xxl{font-size:59px}<\/style><h2 class=\"elementor-heading-title elementor-size-default\">Bao b\u00ec s\u1ea3n ph\u1ea9m<\/h2>\t\t<\/div>\n\t\t\t\t<\/div>\n\t\t\t\t<div class=\"elementor-element elementor-element-54737955 elementor-widget-divider--view-line elementor-widget elementor-widget-divider\" data-id=\"54737955\" data-element_type=\"widget\" data-widget_type=\"divider.default\">\n\t\t\t\t<div class=\"elementor-widget-container\">\n\t\t\t<style>\/*! elementor - v3.8.0 - 30-10-2022 *\/\n.elementor-widget-divider{--divider-border-style:none;--divider-border-width:1px;--divider-color:#2c2c2c;--divider-icon-size:20px;--divider-element-spacing:10px;--divider-pattern-height:24px;--divider-pattern-size:20px;--divider-pattern-url:none;--divider-pattern-repeat:repeat-x}.elementor-widget-divider .elementor-divider{display:-webkit-box;display:-ms-flexbox;display:flex}.elementor-widget-divider .elementor-divider__text{font-size:15px;line-height:1;max-width:95%}.elementor-widget-divider .elementor-divider__element{margin:0 var(--divider-element-spacing);-ms-flex-negative:0;flex-shrink:0}.elementor-widget-divider .elementor-icon{font-size:var(--divider-icon-size)}.elementor-widget-divider .elementor-divider-separator{display:-webkit-box;display:-ms-flexbox;display:flex;margin:0;direction:ltr}.elementor-widget-divider--view-line_icon .elementor-divider-separator,.elementor-widget-divider--view-line_text .elementor-divider-separator{-webkit-box-align:center;-ms-flex-align:center;align-items:center}.elementor-widget-divider--view-line_icon .elementor-divider-separator:after,.elementor-widget-divider--view-line_icon .elementor-divider-separator:before,.elementor-widget-divider--view-line_text .elementor-divider-separator:after,.elementor-widget-divider--view-line_text .elementor-divider-separator:before{display:block;content:\"\";border-bottom:0;-webkit-box-flex:1;-ms-flex-positive:1;flex-grow:1;border-top:var(--divider-border-width) var(--divider-border-style) var(--divider-color)}.elementor-widget-divider--element-align-left .elementor-divider .elementor-divider-separator>.elementor-divider__svg:first-of-type{-webkit-box-flex:0;-ms-flex-positive:0;flex-grow:0;-ms-flex-negative:100;flex-shrink:100}.elementor-widget-divider--element-align-left .elementor-divider-separator:before{content:none}.elementor-widget-divider--element-align-left .elementor-divider__element{margin-left:0}.elementor-widget-divider--element-align-right .elementor-divider .elementor-divider-separator>.elementor-divider__svg:last-of-type{-webkit-box-flex:0;-ms-flex-positive:0;flex-grow:0;-ms-flex-negative:100;flex-shrink:100}.elementor-widget-divider--element-align-right .elementor-divider-separator:after{content:none}.elementor-widget-divider--element-align-right .elementor-divider__element{margin-right:0}.elementor-widget-divider:not(.elementor-widget-divider--view-line_text):not(.elementor-widget-divider--view-line_icon) .elementor-divider-separator{border-top:var(--divider-border-width) var(--divider-border-style) var(--divider-color)}.elementor-widget-divider--separator-type-pattern{--divider-border-style:none}.elementor-widget-divider--separator-type-pattern.elementor-widget-divider--view-line .elementor-divider-separator,.elementor-widget-divider--separator-type-pattern:not(.elementor-widget-divider--view-line) .elementor-divider-separator:after,.elementor-widget-divider--separator-type-pattern:not(.elementor-widget-divider--view-line) .elementor-divider-separator:before,.elementor-widget-divider--separator-type-pattern:not([class*=elementor-widget-divider--view]) .elementor-divider-separator{width:100%;min-height:var(--divider-pattern-height);-webkit-mask-size:var(--divider-pattern-size) 100%;mask-size:var(--divider-pattern-size) 100%;-webkit-mask-repeat:var(--divider-pattern-repeat);mask-repeat:var(--divider-pattern-repeat);background-color:var(--divider-color);-webkit-mask-image:var(--divider-pattern-url);mask-image:var(--divider-pattern-url)}.elementor-widget-divider--no-spacing{--divider-pattern-size:auto}.elementor-widget-divider--bg-round{--divider-pattern-repeat:round}.rtl .elementor-widget-divider .elementor-divider__text{direction:rtl}.e-con-inner>.elementor-widget-divider,.e-con>.elementor-widget-divider{width:var(--container-widget-width,100%)}<\/style>\t\t<div class=\"elementor-divider\">\n\t\t\t<span class=\"elementor-divider-separator\">\n\t\t\t\t\t\t<\/span>\n\t\t<\/div>\n\t\t\t\t<\/div>\n\t\t\t\t<\/div>\n\t\t\t\t<div class=\"elementor-element elementor-element-8c2f5bb elementor-widget elementor-widget-text-editor\" data-id=\"8c2f5bb\" data-element_type=\"widget\" data-widget_type=\"text-editor.default\">\n\t\t\t\t<div class=\"elementor-widget-container\">\n\t\t\t<style>\/*! elementor - v3.8.0 - 30-10-2022 *\/\n.elementor-widget-text-editor.elementor-drop-cap-view-stacked .elementor-drop-cap{background-color:#818a91;color:#fff}.elementor-widget-text-editor.elementor-drop-cap-view-framed .elementor-drop-cap{color:#818a91;border:3px solid;background-color:transparent}.elementor-widget-text-editor:not(.elementor-drop-cap-view-default) .elementor-drop-cap{margin-top:8px}.elementor-widget-text-editor:not(.elementor-drop-cap-view-default) .elementor-drop-cap-letter{width:1em;height:1em}.elementor-widget-text-editor .elementor-drop-cap{float:left;text-align:center;line-height:1;font-size:50px}.elementor-widget-text-editor .elementor-drop-cap-letter{display:inline-block}<\/style>\t\t\t\t<p>Bao b\u00ec s\u1ea3n ph\u1ea9m trong kinh doanh c\u00f3 c\u00f4ng d\u1ee5ng quan tr\u1ecdng l\u00e0 b\u1ea3o v\u1ec7 s\u1ea3n ph\u1ea9m, thu h\u00fat s\u1ef1 ch\u00fa \u00fd c\u1ee7a kh\u00e1ch h\u00e0ng v\u00e0 cung c\u1ea5p th\u00f4ng tin v\u1ec1 s\u1ea3n ph\u1ea9m, gi\u00fap th\u00fac \u0111\u1ea9y ti\u00eau th\u1ee5 v\u00e0 x\u00e2y d\u1ef1ng th\u01b0\u01a1ng hi\u1ec7u c\u1ee7a doanh nghi\u1ec7p.<\/p>\t\t\t\t\t\t<\/div>\n\t\t\t\t<\/div>\n\t\t\t\t\t<\/div>\n\t\t<\/div>\n\t\t\t\t\t\t\t<\/div>\n\t\t<\/section>\n\t\t\t\t<div class=\"elementor-element elementor-element-4b9b35b0 elementor-widget elementor-widget-spacer\" data-id=\"4b9b35b0\" data-element_type=\"widget\" data-widget_type=\"spacer.default\">\n\t\t\t\t<div class=\"elementor-widget-container\">\n\t\t\t<style>\/*! elementor - v3.8.0 - 30-10-2022 *\/\n.elementor-column .elementor-spacer-inner{height:var(--spacer-size)}.e-con{--container-widget-width:100%}.e-con-inner>.elementor-widget-spacer,.e-con>.elementor-widget-spacer{width:var(--container-widget-width,var(--spacer-size));-ms-flex-item-align:stretch;align-self:stretch;-ms-flex-negative:0;flex-shrink:0}.e-con-inner>.elementor-widget-spacer>.elementor-widget-container,.e-con-inner>.elementor-widget-spacer>.elementor-widget-container>.elementor-spacer,.e-con>.elementor-widget-spacer>.elementor-widget-container,.e-con>.elementor-widget-spacer>.elementor-widget-container>.elementor-spacer{height:100%}.e-con-inner>.elementor-widget-spacer>.elementor-widget-container>.elementor-spacer>.elementor-spacer-inner,.e-con>.elementor-widget-spacer>.elementor-widget-container>.elementor-spacer>.elementor-spacer-inner{height:var(--container-widget-height,var(--spacer-size))}<\/style>\t\t<div class=\"elementor-spacer\">\n\t\t\t<div class=\"elementor-spacer-inner\"><\/div>\n\t\t<\/div>\n\t\t\t\t<\/div>\n\t\t\t\t<\/div>\n\t\t\t\t<section class=\"elementor-section elementor-inner-section elementor-element elementor-element-2b9e69e5 elementor-section-full_width elementor-section-height-default elementor-section-height-default\" data-id=\"2b9e69e5\" data-element_type=\"section\">\n\t\t\t\t\t\t<div class=\"elementor-container elementor-column-gap-default\">\n\t\t\t\t\t<div class=\"elementor-column elementor-col-50 elementor-inner-column elementor-element elementor-element-100ea61c\" data-id=\"100ea61c\" data-element_type=\"column\">\n\t\t\t<div class=\"elementor-widget-wrap elementor-element-populated\">\n\t\t\t\t\t\t\t\t<div class=\"elementor-element elementor-element-7664069e elementor-widget elementor-widget-image\" data-id=\"7664069e\" data-element_type=\"widget\" data-widget_type=\"image.default\">\n\t\t\t\t<div class=\"elementor-widget-container\">\n\t\t\t<style>\/*! elementor - v3.8.0 - 30-10-2022 *\/\n.elementor-widget-image{text-align:center}.elementor-widget-image a{display:inline-block}.elementor-widget-image a img[src$=\".svg\"]{width:48px}.elementor-widget-image img{vertical-align:middle;display:inline-block}<\/style>\t\t\t\t\t\t\t\t\t\t\t\t<img decoding=\"async\" width=\"1304\" height=\"909\" src=\"https:\/\/quangthinhdesign.website\/wp-content\/uploads\/2023\/09\/PACKAGING-YEN-SAO-POWER-web.jpg\" class=\"elementor-animation-grow attachment-full size-full\" alt=\"\" srcset=\"https:\/\/quangthinhdesign.website\/wp-content\/uploads\/2023\/09\/PACKAGING-YEN-SAO-POWER-web.jpg 1304w, https:\/\/quangthinhdesign.website\/wp-content\/uploads\/2023\/09\/PACKAGING-YEN-SAO-POWER-web-300x209.jpg 300w, https:\/\/quangthinhdesign.website\/wp-content\/uploads\/2023\/09\/PACKAGING-YEN-SAO-POWER-web-1024x714.jpg 1024w, https:\/\/quangthinhdesign.website\/wp-content\/uploads\/2023\/09\/PACKAGING-YEN-SAO-POWER-web-768x535.jpg 768w, https:\/\/quangthinhdesign.website\/wp-content\/uploads\/2023\/09\/PACKAGING-YEN-SAO-POWER-web-500x349.jpg 500w\" sizes=\"(max-width: 1304px) 100vw, 1304px\" \/>\t\t\t\t\t\t\t\t\t\t\t\t\t\t\t<\/div>\n\t\t\t\t<\/div>\n\t\t\t\t<div class=\"elementor-element elementor-element-385f0ed7 elementor-widget elementor-widget-image\" data-id=\"385f0ed7\" data-element_type=\"widget\" data-widget_type=\"image.default\">\n\t\t\t\t<div class=\"elementor-widget-container\">\n\t\t\t\t\t\t\t\t\t\t\t\t\t\t\t<img decoding=\"async\" width=\"2000\" height=\"1089\" src=\"https:\/\/quangthinhdesign.website\/wp-content\/uploads\/2023\/09\/MK-2web.jpg\" class=\"elementor-animation-grow attachment-full size-full\" alt=\"\" srcset=\"https:\/\/quangthinhdesign.website\/wp-content\/uploads\/2023\/09\/MK-2web.jpg 2000w, https:\/\/quangthinhdesign.website\/wp-content\/uploads\/2023\/09\/MK-2web-300x163.jpg 300w, https:\/\/quangthinhdesign.website\/wp-content\/uploads\/2023\/09\/MK-2web-1024x558.jpg 1024w, https:\/\/quangthinhdesign.website\/wp-content\/uploads\/2023\/09\/MK-2web-768x418.jpg 768w, https:\/\/quangthinhdesign.website\/wp-content\/uploads\/2023\/09\/MK-2web-1536x836.jpg 1536w, https:\/\/quangthinhdesign.website\/wp-content\/uploads\/2023\/09\/MK-2web-500x272.jpg 500w\" sizes=\"(max-width: 2000px) 100vw, 2000px\" \/>\t\t\t\t\t\t\t\t\t\t\t\t\t\t\t<\/div>\n\t\t\t\t<\/div>\n\t\t\t\t<div class=\"elementor-element elementor-element-77163b0 elementor-widget elementor-widget-image\" data-id=\"77163b0\" data-element_type=\"widget\" data-widget_type=\"image.default\">\n\t\t\t\t<div class=\"elementor-widget-container\">\n\t\t\t\t\t\t\t\t\t\t\t\t\t\t\t<img decoding=\"async\" width=\"2000\" height=\"1089\" src=\"https:\/\/quangthinhdesign.website\/wp-content\/uploads\/2023\/09\/MK-1web.jpg\" class=\"elementor-animation-grow attachment-full size-full\" alt=\"\" srcset=\"https:\/\/quangthinhdesign.website\/wp-content\/uploads\/2023\/09\/MK-1web.jpg 2000w, https:\/\/quangthinhdesign.website\/wp-content\/uploads\/2023\/09\/MK-1web-300x163.jpg 300w, https:\/\/quangthinhdesign.website\/wp-content\/uploads\/2023\/09\/MK-1web-1024x558.jpg 1024w, https:\/\/quangthinhdesign.website\/wp-content\/uploads\/2023\/09\/MK-1web-768x418.jpg 768w, https:\/\/quangthinhdesign.website\/wp-content\/uploads\/2023\/09\/MK-1web-1536x836.jpg 1536w, https:\/\/quangthinhdesign.website\/wp-content\/uploads\/2023\/09\/MK-1web-500x272.jpg 500w\" sizes=\"(max-width: 2000px) 100vw, 2000px\" \/>\t\t\t\t\t\t\t\t\t\t\t\t\t\t\t<\/div>\n\t\t\t\t<\/div>\n\t\t\t\t<div class=\"elementor-element elementor-element-71bc246 elementor-widget elementor-widget-image\" data-id=\"71bc246\" data-element_type=\"widget\" data-widget_type=\"image.default\">\n\t\t\t\t<div class=\"elementor-widget-container\">\n\t\t\t\t\t\t\t\t\t\t\t\t\t\t\t<img decoding=\"async\" width=\"1000\" height=\"1000\" src=\"https:\/\/quangthinhdesign.website\/wp-content\/uploads\/2024\/03\/MkP1.jpg\" class=\"elementor-animation-grow attachment-full size-full\" alt=\"\" \/>\t\t\t\t\t\t\t\t\t\t\t\t\t\t\t<\/div>\n\t\t\t\t<\/div>\n\t\t\t\t\t<\/div>\n\t\t<\/div>\n\t\t\t\t<div class=\"elementor-column elementor-col-50 elementor-inner-column elementor-element elementor-element-40dccb33\" data-id=\"40dccb33\" data-element_type=\"column\">\n\t\t\t<div class=\"elementor-widget-wrap elementor-element-populated\">\n\t\t\t\t\t\t\t\t<div class=\"elementor-element elementor-element-593b562a elementor-widget elementor-widget-image\" data-id=\"593b562a\" data-element_type=\"widget\" data-widget_type=\"image.default\">\n\t\t\t\t<div class=\"elementor-widget-container\">\n\t\t\t\t\t\t\t\t\t\t\t\t\t\t\t<img decoding=\"async\" width=\"2000\" height=\"1191\" src=\"https:\/\/quangthinhdesign.website\/wp-content\/uploads\/2023\/09\/Hop-banh-trung-thu-Susopa-we1.jpg\" class=\"elementor-animation-grow attachment-full size-full\" alt=\"\" srcset=\"https:\/\/quangthinhdesign.website\/wp-content\/uploads\/2023\/09\/Hop-banh-trung-thu-Susopa-we1.jpg 2000w, https:\/\/quangthinhdesign.website\/wp-content\/uploads\/2023\/09\/Hop-banh-trung-thu-Susopa-we1-300x179.jpg 300w, https:\/\/quangthinhdesign.website\/wp-content\/uploads\/2023\/09\/Hop-banh-trung-thu-Susopa-we1-1024x610.jpg 1024w, https:\/\/quangthinhdesign.website\/wp-content\/uploads\/2023\/09\/Hop-banh-trung-thu-Susopa-we1-768x457.jpg 768w, https:\/\/quangthinhdesign.website\/wp-content\/uploads\/2023\/09\/Hop-banh-trung-thu-Susopa-we1-1536x915.jpg 1536w, https:\/\/quangthinhdesign.website\/wp-content\/uploads\/2023\/09\/Hop-banh-trung-thu-Susopa-we1-500x298.jpg 500w\" sizes=\"(max-width: 2000px) 100vw, 2000px\" \/>\t\t\t\t\t\t\t\t\t\t\t\t\t\t\t<\/div>\n\t\t\t\t<\/div>\n\t\t\t\t<div class=\"elementor-element elementor-element-2163f3e elementor-widget elementor-widget-image\" data-id=\"2163f3e\" data-element_type=\"widget\" data-widget_type=\"image.default\">\n\t\t\t\t<div class=\"elementor-widget-container\">\n\t\t\t\t\t\t\t\t\t\t\t\t\t\t\t<img decoding=\"async\" width=\"2000\" height=\"1089\" src=\"https:\/\/quangthinhdesign.website\/wp-content\/uploads\/2023\/09\/MK4web.jpg\" class=\"elementor-animation-grow attachment-full size-full\" alt=\"\" srcset=\"https:\/\/quangthinhdesign.website\/wp-content\/uploads\/2023\/09\/MK4web.jpg 2000w, https:\/\/quangthinhdesign.website\/wp-content\/uploads\/2023\/09\/MK4web-300x163.jpg 300w, https:\/\/quangthinhdesign.website\/wp-content\/uploads\/2023\/09\/MK4web-1024x558.jpg 1024w, https:\/\/quangthinhdesign.website\/wp-content\/uploads\/2023\/09\/MK4web-768x418.jpg 768w, https:\/\/quangthinhdesign.website\/wp-content\/uploads\/2023\/09\/MK4web-1536x836.jpg 1536w, https:\/\/quangthinhdesign.website\/wp-content\/uploads\/2023\/09\/MK4web-500x272.jpg 500w\" sizes=\"(max-width: 2000px) 100vw, 2000px\" \/>\t\t\t\t\t\t\t\t\t\t\t\t\t\t\t<\/div>\n\t\t\t\t<\/div>\n\t\t\t\t<div class=\"elementor-element elementor-element-33c36bd6 elementor-widget elementor-widget-image\" data-id=\"33c36bd6\" data-element_type=\"widget\" data-widget_type=\"image.default\">\n\t\t\t\t<div class=\"elementor-widget-container\">\n\t\t\t\t\t\t\t\t\t\t\t\t\t\t\t<img decoding=\"async\" width=\"1965\" height=\"1071\" src=\"https:\/\/quangthinhdesign.website\/wp-content\/uploads\/2023\/09\/MK-2web-1.jpg\" class=\"elementor-animation-grow attachment-full size-full\" alt=\"\" srcset=\"https:\/\/quangthinhdesign.website\/wp-content\/uploads\/2023\/09\/MK-2web-1.jpg 1965w, https:\/\/quangthinhdesign.website\/wp-content\/uploads\/2023\/09\/MK-2web-1-300x164.jpg 300w, https:\/\/quangthinhdesign.website\/wp-content\/uploads\/2023\/09\/MK-2web-1-1024x558.jpg 1024w, https:\/\/quangthinhdesign.website\/wp-content\/uploads\/2023\/09\/MK-2web-1-768x419.jpg 768w, https:\/\/quangthinhdesign.website\/wp-content\/uploads\/2023\/09\/MK-2web-1-1536x837.jpg 1536w, https:\/\/quangthinhdesign.website\/wp-content\/uploads\/2023\/09\/MK-2web-1-500x273.jpg 500w\" sizes=\"(max-width: 1965px) 100vw, 1965px\" \/>\t\t\t\t\t\t\t\t\t\t\t\t\t\t\t<\/div>\n\t\t\t\t<\/div>\n\t\t\t\t\t<\/div>\n\t\t<\/div>\n\t\t\t\t\t\t\t<\/div>\n\t\t<\/section>\n\t\t\t\t\t<\/div>\n\t\t<\/div>\n\t\t\t\t\t\t\t<\/div>\n\t\t<\/section>\n\t\t\t\t\t\t\t<\/div>\n\t\t","protected":false},"excerpt":{"rendered":"<p>Bao b\u00ec s\u1ea3n ph\u1ea9m Bao b\u00ec s\u1ea3n ph\u1ea9m trong kinh doanh c\u00f3 c\u00f4ng d\u1ee5ng quan tr\u1ecdng l\u00e0 b\u1ea3o v\u1ec7 s\u1ea3n ph\u1ea9m, thu h\u00fat s\u1ef1 ch\u00fa \u00fd c\u1ee7a kh\u00e1ch h\u00e0ng v\u00e0 cung c\u1ea5p th\u00f4ng tin v\u1ec1 s\u1ea3n ph\u1ea9m, gi\u00fap th\u00fac \u0111\u1ea9y ti\u00eau th\u1ee5 v\u00e0 x\u00e2y d\u1ef1ng th\u01b0\u01a1ng hi\u1ec7u c\u1ee7a doanh nghi\u1ec7p.<\/p>\n","protected":false},"author":1,"featured_media":0,"parent":56,"menu_order":0,"comment_status":"closed","ping_status":"closed","template":"","meta":{"om_disable_all_campaigns":false,"_monsterinsights_skip_tracking":false,"_monsterinsights_sitenote_active":false,"_monsterinsights_sitenote_note":"","_monsterinsights_sitenote_category":0,"footnotes":""},"class_list":["post-1724","page","type-page","status-publish","hentry"],"aioseo_notices":[],"_links":{"self":[{"href":"https:\/\/quangthinhdesign.website\/index.php\/wp-json\/wp\/v2\/pages\/1724","targetHints":{"allow":["GET"]}}],"collection":[{"href":"https:\/\/quangthinhdesign.website\/index.php\/wp-json\/wp\/v2\/pages"}],"about":[{"href":"https:\/\/quangthinhdesign.website\/index.php\/wp-json\/wp\/v2\/types\/page"}],"author":[{"embeddable":true,"href":"https:\/\/quangthinhdesign.website\/index.php\/wp-json\/wp\/v2\/users\/1"}],"replies":[{"embeddable":true,"href":"https:\/\/quangthinhdesign.website\/index.php\/wp-json\/wp\/v2\/comments?post=1724"}],"version-history":[{"count":10,"href":"https:\/\/quangthinhdesign.website\/index.php\/wp-json\/wp\/v2\/pages\/1724\/revisions"}],"predecessor-version":[{"id":1840,"href":"https:\/\/quangthinhdesign.website\/index.php\/wp-json\/wp\/v2\/pages\/1724\/revisions\/1840"}],"up":[{"embeddable":true,"href":"https:\/\/quangthinhdesign.website\/index.php\/wp-json\/wp\/v2\/pages\/56"}],"wp:attachment":[{"href":"https:\/\/quangthinhdesign.website\/index.php\/wp-json\/wp\/v2\/media?parent=1724"}],"curies":[{"name":"wp","href":"https:\/\/api.w.org\/{rel}","templated":true}]}}