 {"id":703,"date":"2022-11-16T09:50:11","date_gmt":"2022-11-16T09:50:11","guid":{"rendered":"https:\/\/quangthinhdesign.website\/?page_id=703"},"modified":"2023-09-13T13:00:49","modified_gmt":"2023-09-13T13:00:49","slug":"menu","status":"publish","type":"page","link":"https:\/\/quangthinhdesign.website\/index.php\/cv-resume-truong-quang-thinh\/menu\/","title":{"rendered":""},"content":{"rendered":"\t\t<div data-elementor-type=\"wp-page\" data-elementor-id=\"703\" class=\"elementor elementor-703\">\n\t\t\t\t\t\t\t\t\t<section class=\"elementor-section elementor-top-section elementor-element elementor-element-30986f06 elementor-section-stretched elementor-section-boxed elementor-section-height-default elementor-section-height-default\" data-id=\"30986f06\" data-element_type=\"section\" data-settings=\"{&quot;background_background&quot;:&quot;classic&quot;,&quot;stretch_section&quot;:&quot;section-stretched&quot;}\">\n\t\t\t\t\t\t\t<div class=\"elementor-background-overlay\"><\/div>\n\t\t\t\t\t\t\t<div class=\"elementor-container elementor-column-gap-default\">\n\t\t\t\t\t<div class=\"elementor-column elementor-col-100 elementor-top-column elementor-element elementor-element-348ec94d\" data-id=\"348ec94d\" data-element_type=\"column\" data-settings=\"{&quot;background_background&quot;:&quot;classic&quot;}\">\n\t\t\t<div class=\"elementor-widget-wrap elementor-element-populated\">\n\t\t\t\t\t\t\t\t<section class=\"elementor-section elementor-inner-section elementor-element elementor-element-32e84a79 elementor-section-boxed elementor-section-height-default elementor-section-height-default\" data-id=\"32e84a79\" data-element_type=\"section\">\n\t\t\t\t\t\t<div class=\"elementor-container elementor-column-gap-default\">\n\t\t\t\t\t<div class=\"elementor-column elementor-col-100 elementor-inner-column elementor-element elementor-element-1be57136\" data-id=\"1be57136\" data-element_type=\"column\">\n\t\t\t<div class=\"elementor-widget-wrap elementor-element-populated\">\n\t\t\t\t\t\t\t\t<div class=\"elementor-element elementor-element-74f9afe9 elementor-widget elementor-widget-heading\" data-id=\"74f9afe9\" data-element_type=\"widget\" data-widget_type=\"heading.default\">\n\t\t\t\t<div class=\"elementor-widget-container\">\n\t\t\t<style>\/*! elementor - v3.8.0 - 30-10-2022 *\/\n.elementor-heading-title{padding:0;margin:0;line-height:1}.elementor-widget-heading .elementor-heading-title[class*=elementor-size-]>a{color:inherit;font-size:inherit;line-height:inherit}.elementor-widget-heading .elementor-heading-title.elementor-size-small{font-size:15px}.elementor-widget-heading .elementor-heading-title.elementor-size-medium{font-size:19px}.elementor-widget-heading .elementor-heading-title.elementor-size-large{font-size:29px}.elementor-widget-heading .elementor-heading-title.elementor-size-xl{font-size:39px}.elementor-widget-heading .elementor-heading-title.elementor-size-xxl{font-size:59px}<\/style><h2 class=\"elementor-heading-title elementor-size-default\">Menu<\/h2>\t\t<\/div>\n\t\t\t\t<\/div>\n\t\t\t\t<div class=\"elementor-element elementor-element-54737955 elementor-widget-divider--view-line elementor-widget elementor-widget-divider\" data-id=\"54737955\" data-element_type=\"widget\" data-widget_type=\"divider.default\">\n\t\t\t\t<div class=\"elementor-widget-container\">\n\t\t\t<style>\/*! elementor - v3.8.0 - 30-10-2022 *\/\n.elementor-widget-divider{--divider-border-style:none;--divider-border-width:1px;--divider-color:#2c2c2c;--divider-icon-size:20px;--divider-element-spacing:10px;--divider-pattern-height:24px;--divider-pattern-size:20px;--divider-pattern-url:none;--divider-pattern-repeat:repeat-x}.elementor-widget-divider .elementor-divider{display:-webkit-box;display:-ms-flexbox;display:flex}.elementor-widget-divider .elementor-divider__text{font-size:15px;line-height:1;max-width:95%}.elementor-widget-divider .elementor-divider__element{margin:0 var(--divider-element-spacing);-ms-flex-negative:0;flex-shrink:0}.elementor-widget-divider .elementor-icon{font-size:var(--divider-icon-size)}.elementor-widget-divider .elementor-divider-separator{display:-webkit-box;display:-ms-flexbox;display:flex;margin:0;direction:ltr}.elementor-widget-divider--view-line_icon .elementor-divider-separator,.elementor-widget-divider--view-line_text .elementor-divider-separator{-webkit-box-align:center;-ms-flex-align:center;align-items:center}.elementor-widget-divider--view-line_icon .elementor-divider-separator:after,.elementor-widget-divider--view-line_icon .elementor-divider-separator:before,.elementor-widget-divider--view-line_text .elementor-divider-separator:after,.elementor-widget-divider--view-line_text .elementor-divider-separator:before{display:block;content:\"\";border-bottom:0;-webkit-box-flex:1;-ms-flex-positive:1;flex-grow:1;border-top:var(--divider-border-width) var(--divider-border-style) var(--divider-color)}.elementor-widget-divider--element-align-left .elementor-divider .elementor-divider-separator>.elementor-divider__svg:first-of-type{-webkit-box-flex:0;-ms-flex-positive:0;flex-grow:0;-ms-flex-negative:100;flex-shrink:100}.elementor-widget-divider--element-align-left .elementor-divider-separator:before{content:none}.elementor-widget-divider--element-align-left .elementor-divider__element{margin-left:0}.elementor-widget-divider--element-align-right .elementor-divider .elementor-divider-separator>.elementor-divider__svg:last-of-type{-webkit-box-flex:0;-ms-flex-positive:0;flex-grow:0;-ms-flex-negative:100;flex-shrink:100}.elementor-widget-divider--element-align-right .elementor-divider-separator:after{content:none}.elementor-widget-divider--element-align-right .elementor-divider__element{margin-right:0}.elementor-widget-divider:not(.elementor-widget-divider--view-line_text):not(.elementor-widget-divider--view-line_icon) .elementor-divider-separator{border-top:var(--divider-border-width) var(--divider-border-style) var(--divider-color)}.elementor-widget-divider--separator-type-pattern{--divider-border-style:none}.elementor-widget-divider--separator-type-pattern.elementor-widget-divider--view-line .elementor-divider-separator,.elementor-widget-divider--separator-type-pattern:not(.elementor-widget-divider--view-line) .elementor-divider-separator:after,.elementor-widget-divider--separator-type-pattern:not(.elementor-widget-divider--view-line) .elementor-divider-separator:before,.elementor-widget-divider--separator-type-pattern:not([class*=elementor-widget-divider--view]) .elementor-divider-separator{width:100%;min-height:var(--divider-pattern-height);-webkit-mask-size:var(--divider-pattern-size) 100%;mask-size:var(--divider-pattern-size) 100%;-webkit-mask-repeat:var(--divider-pattern-repeat);mask-repeat:var(--divider-pattern-repeat);background-color:var(--divider-color);-webkit-mask-image:var(--divider-pattern-url);mask-image:var(--divider-pattern-url)}.elementor-widget-divider--no-spacing{--divider-pattern-size:auto}.elementor-widget-divider--bg-round{--divider-pattern-repeat:round}.rtl .elementor-widget-divider .elementor-divider__text{direction:rtl}.e-con-inner>.elementor-widget-divider,.e-con>.elementor-widget-divider{width:var(--container-widget-width,100%)}<\/style>\t\t<div class=\"elementor-divider\">\n\t\t\t<span class=\"elementor-divider-separator\">\n\t\t\t\t\t\t<\/span>\n\t\t<\/div>\n\t\t\t\t<\/div>\n\t\t\t\t<\/div>\n\t\t\t\t<div class=\"elementor-element elementor-element-8c2f5bb elementor-widget elementor-widget-text-editor\" data-id=\"8c2f5bb\" data-element_type=\"widget\" data-widget_type=\"text-editor.default\">\n\t\t\t\t<div class=\"elementor-widget-container\">\n\t\t\t<style>\/*! elementor - v3.8.0 - 30-10-2022 *\/\n.elementor-widget-text-editor.elementor-drop-cap-view-stacked .elementor-drop-cap{background-color:#818a91;color:#fff}.elementor-widget-text-editor.elementor-drop-cap-view-framed .elementor-drop-cap{color:#818a91;border:3px solid;background-color:transparent}.elementor-widget-text-editor:not(.elementor-drop-cap-view-default) .elementor-drop-cap{margin-top:8px}.elementor-widget-text-editor:not(.elementor-drop-cap-view-default) .elementor-drop-cap-letter{width:1em;height:1em}.elementor-widget-text-editor .elementor-drop-cap{float:left;text-align:center;line-height:1;font-size:50px}.elementor-widget-text-editor .elementor-drop-cap-letter{display:inline-block}<\/style>\t\t\t\t<p>Menu hay n\u00f3i theo c\u00e1ch kh\u00e1c ch\u00ednh l\u00e0 th\u1ef1c \u0111\u01a1n. Ch\u00fang \u0111\u01b0\u1ee3c coi nh\u01b0 1 danh m\u1ee5c m\u00e0 n\u1ed9i dung trong \u0111\u00f3 ch\u00fang s\u1ebd li\u1ec7t k\u00ea \u0111\u01b0\u1ee3c m\u1ed9t c\u00e1ch \u0111\u1ea7y \u0111\u1ee7 chi ti\u1ebft t\u1ea5t c\u1ea3 nh\u1eefng m\u00f3n \u0103n hay \u0111\u1ed3 u\u1ed1ng c\u1ee7a nh\u00e0 h\u00e0ng, kh\u00e1ch s\u1ea1n, qu\u00e1n \u0103n hay qu\u00e1n cafe \u0111\u00f3. T\u1eeb \u0111\u00f3 qu\u00fd kh\u00e1ch h\u00e0ng c\u00f3 th\u1ec3 xem x\u00e9t v\u00e0 l\u1ef1a ch\u1ecdn nh\u1eefng \u0111\u1ed3 \u0103n th\u1ee9c u\u1ed1ng theo s\u1edf th\u00edch c\u1ee7a m\u1ed7i c\u00e1 nh\u00e2n m\u00ecnh.<\/p>\t\t\t\t\t\t<\/div>\n\t\t\t\t<\/div>\n\t\t\t\t\t<\/div>\n\t\t<\/div>\n\t\t\t\t\t\t\t<\/div>\n\t\t<\/section>\n\t\t\t\t<div class=\"elementor-element elementor-element-4b9b35b0 elementor-widget elementor-widget-spacer\" data-id=\"4b9b35b0\" data-element_type=\"widget\" data-widget_type=\"spacer.default\">\n\t\t\t\t<div class=\"elementor-widget-container\">\n\t\t\t<style>\/*! elementor - v3.8.0 - 30-10-2022 *\/\n.elementor-column .elementor-spacer-inner{height:var(--spacer-size)}.e-con{--container-widget-width:100%}.e-con-inner>.elementor-widget-spacer,.e-con>.elementor-widget-spacer{width:var(--container-widget-width,var(--spacer-size));-ms-flex-item-align:stretch;align-self:stretch;-ms-flex-negative:0;flex-shrink:0}.e-con-inner>.elementor-widget-spacer>.elementor-widget-container,.e-con-inner>.elementor-widget-spacer>.elementor-widget-container>.elementor-spacer,.e-con>.elementor-widget-spacer>.elementor-widget-container,.e-con>.elementor-widget-spacer>.elementor-widget-container>.elementor-spacer{height:100%}.e-con-inner>.elementor-widget-spacer>.elementor-widget-container>.elementor-spacer>.elementor-spacer-inner,.e-con>.elementor-widget-spacer>.elementor-widget-container>.elementor-spacer>.elementor-spacer-inner{height:var(--container-widget-height,var(--spacer-size))}<\/style>\t\t<div class=\"elementor-spacer\">\n\t\t\t<div class=\"elementor-spacer-inner\"><\/div>\n\t\t<\/div>\n\t\t\t\t<\/div>\n\t\t\t\t<\/div>\n\t\t\t\t<section class=\"elementor-section elementor-inner-section elementor-element elementor-element-2b9e69e5 elementor-section-full_width elementor-section-height-default elementor-section-height-default\" data-id=\"2b9e69e5\" data-element_type=\"section\">\n\t\t\t\t\t\t<div class=\"elementor-container elementor-column-gap-default\">\n\t\t\t\t\t<div class=\"elementor-column elementor-col-33 elementor-inner-column elementor-element elementor-element-100ea61c\" data-id=\"100ea61c\" data-element_type=\"column\">\n\t\t\t<div class=\"elementor-widget-wrap elementor-element-populated\">\n\t\t\t\t\t\t\t\t<div class=\"elementor-element elementor-element-7664069e elementor-widget elementor-widget-image\" data-id=\"7664069e\" data-element_type=\"widget\" data-widget_type=\"image.default\">\n\t\t\t\t<div class=\"elementor-widget-container\">\n\t\t\t<style>\/*! elementor - v3.8.0 - 30-10-2022 *\/\n.elementor-widget-image{text-align:center}.elementor-widget-image a{display:inline-block}.elementor-widget-image a img[src$=\".svg\"]{width:48px}.elementor-widget-image img{vertical-align:middle;display:inline-block}<\/style>\t\t\t\t\t\t\t\t\t\t\t\t<img decoding=\"async\" src=\"https:\/\/quangthinhdesign.website\/wp-content\/uploads\/elementor\/thumbs\/comnieuthienly_MK_800x1200-pxsistocngimje90t5sd8j3js6h2dnxdsrna5xqiu8.jpg\" title=\"comnieuthienly_MK_800x1200\" alt=\"comnieuthienly_MK_800x1200\" class=\"elementor-animation-grow\" \/>\t\t\t\t\t\t\t\t\t\t\t\t\t\t\t<\/div>\n\t\t\t\t<\/div>\n\t\t\t\t<div class=\"elementor-element elementor-element-385f0ed7 elementor-widget elementor-widget-image\" data-id=\"385f0ed7\" data-element_type=\"widget\" data-widget_type=\"image.default\">\n\t\t\t\t<div class=\"elementor-widget-container\">\n\t\t\t\t\t\t\t\t\t\t\t\t\t\t\t<img decoding=\"async\" src=\"https:\/\/quangthinhdesign.website\/wp-content\/uploads\/elementor\/thumbs\/thucung_MK_1200x800-pxsj8gpqsxeu69sxasth9lpbdl3z4jkxsumgrqcb40.jpg\" title=\"thucung_MK_1200x800\" alt=\"thucung_MK_1200x800\" class=\"elementor-animation-grow\" \/>\t\t\t\t\t\t\t\t\t\t\t\t\t\t\t<\/div>\n\t\t\t\t<\/div>\n\t\t\t\t\t<\/div>\n\t\t<\/div>\n\t\t\t\t<div class=\"elementor-column elementor-col-33 elementor-inner-column elementor-element elementor-element-40dccb33\" data-id=\"40dccb33\" data-element_type=\"column\">\n\t\t\t<div class=\"elementor-widget-wrap elementor-element-populated\">\n\t\t\t\t\t\t\t\t<div class=\"elementor-element elementor-element-593b562a elementor-widget elementor-widget-image\" data-id=\"593b562a\" data-element_type=\"widget\" data-widget_type=\"image.default\">\n\t\t\t\t<div class=\"elementor-widget-container\">\n\t\t\t\t\t\t\t\t\t\t\t\t\t\t\t<img decoding=\"async\" src=\"https:\/\/quangthinhdesign.website\/wp-content\/uploads\/elementor\/thumbs\/Menu-DV-mk-scaled-pxsity4096gq2tywfheqnpg1p7sytjut80vn4qj25y.jpg\" title=\"Menu-DV-mk\" alt=\"Menu-DV-mk\" class=\"elementor-animation-grow\" \/>\t\t\t\t\t\t\t\t\t\t\t\t\t\t\t<\/div>\n\t\t\t\t<\/div>\n\t\t\t\t<div class=\"elementor-element elementor-element-33c36bd6 elementor-widget elementor-widget-image\" data-id=\"33c36bd6\" data-element_type=\"widget\" data-widget_type=\"image.default\">\n\t\t\t\t<div class=\"elementor-widget-container\">\n\t\t\t\t\t\t\t\t\t\t\t\t\t\t\t<img decoding=\"async\" src=\"https:\/\/quangthinhdesign.website\/wp-content\/uploads\/elementor\/thumbs\/Menu-MK-pxsiwdilzidgmd0ot0pawo8ftfh3h37qvik3wm7h9m.jpg\" title=\"Menu-MK\" alt=\"Menu-MK\" class=\"elementor-animation-grow\" \/>\t\t\t\t\t\t\t\t\t\t\t\t\t\t\t<\/div>\n\t\t\t\t<\/div>\n\t\t\t\t<div class=\"elementor-element elementor-element-e92002d elementor-widget elementor-widget-image\" data-id=\"e92002d\" data-element_type=\"widget\" data-widget_type=\"image.default\">\n\t\t\t\t<div class=\"elementor-widget-container\">\n\t\t\t\t\t\t\t\t\t\t\t\t\t\t\t<img decoding=\"async\" src=\"https:\/\/quangthinhdesign.website\/wp-content\/uploads\/elementor\/thumbs\/PhoNghienChen_MK_1200x800-pxsj54edaa29qru8qimith1yortkdf2re00z7vcg8w.jpg\" title=\"PhoNghienChen_MK_1200x800\" alt=\"PhoNghienChen_MK_1200x800\" class=\"elementor-animation-grow\" \/>\t\t\t\t\t\t\t\t\t\t\t\t\t\t\t<\/div>\n\t\t\t\t<\/div>\n\t\t\t\t\t<\/div>\n\t\t<\/div>\n\t\t\t\t<div class=\"elementor-column elementor-col-33 elementor-inner-column elementor-element elementor-element-914666f\" data-id=\"914666f\" data-element_type=\"column\">\n\t\t\t<div class=\"elementor-widget-wrap elementor-element-populated\">\n\t\t\t\t\t\t\t\t<div class=\"elementor-element elementor-element-eb1db37 elementor-widget elementor-widget-image\" data-id=\"eb1db37\" data-element_type=\"widget\" data-widget_type=\"image.default\">\n\t\t\t\t<div class=\"elementor-widget-container\">\n\t\t\t\t\t\t\t\t\t\t\t\t\t\t\t<img decoding=\"async\" src=\"https:\/\/quangthinhdesign.website\/wp-content\/uploads\/elementor\/thumbs\/MenuNoori_MK_1200x1300-pxsj3zzeryxhioxcbvgk5uuyaqso8zw5frdgvcxu9y.jpg\" title=\"Minimal A4 Flyer Psd Mockup\" alt=\"Minimal A4 Flyer Psd Mockup\" class=\"elementor-animation-grow\" \/>\t\t\t\t\t\t\t\t\t\t\t\t\t\t\t<\/div>\n\t\t\t\t<\/div>\n\t\t\t\t<div class=\"elementor-element elementor-element-37e348ad elementor-widget elementor-widget-image\" data-id=\"37e348ad\" data-element_type=\"widget\" data-widget_type=\"image.default\">\n\t\t\t\t<div class=\"elementor-widget-container\">\n\t\t\t\t\t\t\t\t\t\t\t\t\t\t\t<img decoding=\"async\" src=\"https:\/\/quangthinhdesign.website\/wp-content\/uploads\/elementor\/thumbs\/Senta_MK_1200x800-pxsj6lz7bovh9yhv4hyyukjl788wy17zvoazp339ds.jpg\" title=\"Clipboard with a document mockup\" alt=\"Clipboard with a document mockup\" class=\"elementor-animation-grow\" \/>\t\t\t\t\t\t\t\t\t\t\t\t\t\t\t<\/div>\n\t\t\t\t<\/div>\n\t\t\t\t<div class=\"elementor-element elementor-element-5ed65cf4 elementor-widget elementor-widget-image\" data-id=\"5ed65cf4\" data-element_type=\"widget\" data-widget_type=\"image.default\">\n\t\t\t\t<div class=\"elementor-widget-container\">\n\t\t\t\t\t\t\t\t\t\t\t\t\t\t\t<img decoding=\"async\" src=\"https:\/\/quangthinhdesign.website\/wp-content\/uploads\/elementor\/thumbs\/vietboss_MK_1200x900-pxsj9gfm0mr0upool4wq8gwbgx5o5ojrcwjmh1pmqm.jpg\" title=\"A5 Round Corner Flyer Mockup\" alt=\"A5 Round Corner Flyer Mockup\" class=\"elementor-animation-grow\" \/>\t\t\t\t\t\t\t\t\t\t\t\t\t\t\t<\/div>\n\t\t\t\t<\/div>\n\t\t\t\t\t<\/div>\n\t\t<\/div>\n\t\t\t\t\t\t\t<\/div>\n\t\t<\/section>\n\t\t\t\t\t<\/div>\n\t\t<\/div>\n\t\t\t\t\t\t\t<\/div>\n\t\t<\/section>\n\t\t\t\t\t\t\t<\/div>\n\t\t","protected":false},"excerpt":{"rendered":"<p>Menu Menu hay n\u00f3i theo c\u00e1ch kh\u00e1c ch\u00ednh l\u00e0 th\u1ef1c \u0111\u01a1n. Ch\u00fang \u0111\u01b0\u1ee3c coi nh\u01b0 1 danh m\u1ee5c m\u00e0 n\u1ed9i dung trong \u0111\u00f3 ch\u00fang s\u1ebd li\u1ec7t k\u00ea \u0111\u01b0\u1ee3c m\u1ed9t c\u00e1ch \u0111\u1ea7y \u0111\u1ee7 chi ti\u1ebft t\u1ea5t c\u1ea3 nh\u1eefng m\u00f3n \u0103n hay \u0111\u1ed3 u\u1ed1ng c\u1ee7a nh\u00e0 h\u00e0ng, kh\u00e1ch s\u1ea1n, qu\u00e1n \u0103n hay qu\u00e1n cafe \u0111\u00f3. T\u1eeb \u0111\u00f3 [&hellip;]<\/p>\n","protected":false},"author":1,"featured_media":0,"parent":56,"menu_order":0,"comment_status":"closed","ping_status":"closed","template":"","meta":{"om_disable_all_campaigns":false,"_monsterinsights_skip_tracking":false,"_monsterinsights_sitenote_active":false,"_monsterinsights_sitenote_note":"","_monsterinsights_sitenote_category":0,"footnotes":""},"class_list":["post-703","page","type-page","status-publish","hentry"],"aioseo_notices":[],"_links":{"self":[{"href":"https:\/\/quangthinhdesign.website\/index.php\/wp-json\/wp\/v2\/pages\/703","targetHints":{"allow":["GET"]}}],"collection":[{"href":"https:\/\/quangthinhdesign.website\/index.php\/wp-json\/wp\/v2\/pages"}],"about":[{"href":"https:\/\/quangthinhdesign.website\/index.php\/wp-json\/wp\/v2\/types\/page"}],"author":[{"embeddable":true,"href":"https:\/\/quangthinhdesign.website\/index.php\/wp-json\/wp\/v2\/users\/1"}],"replies":[{"embeddable":true,"href":"https:\/\/quangthinhdesign.website\/index.php\/wp-json\/wp\/v2\/comments?post=703"}],"version-history":[{"count":22,"href":"https:\/\/quangthinhdesign.website\/index.php\/wp-json\/wp\/v2\/pages\/703\/revisions"}],"predecessor-version":[{"id":1662,"href":"https:\/\/quangthinhdesign.website\/index.php\/wp-json\/wp\/v2\/pages\/703\/revisions\/1662"}],"up":[{"embeddable":true,"href":"https:\/\/quangthinhdesign.website\/index.php\/wp-json\/wp\/v2\/pages\/56"}],"wp:attachment":[{"href":"https:\/\/quangthinhdesign.website\/index.php\/wp-json\/wp\/v2\/media?parent=703"}],"curies":[{"name":"wp","href":"https:\/\/api.w.org\/{rel}","templated":true}]}}