 {"id":739,"date":"2022-11-16T10:14:35","date_gmt":"2022-11-16T10:14:35","guid":{"rendered":"https:\/\/quangthinhdesign.website\/?page_id=739"},"modified":"2023-09-13T13:00:39","modified_gmt":"2023-09-13T13:00:39","slug":"catalouge","status":"publish","type":"page","link":"https:\/\/quangthinhdesign.website\/index.php\/cv-resume-truong-quang-thinh\/catalouge\/","title":{"rendered":""},"content":{"rendered":"\t\t<div data-elementor-type=\"wp-page\" data-elementor-id=\"739\" class=\"elementor elementor-739\">\n\t\t\t\t\t\t\t\t\t<section class=\"elementor-section elementor-top-section elementor-element elementor-element-30986f06 elementor-section-stretched elementor-section-boxed elementor-section-height-default elementor-section-height-default\" data-id=\"30986f06\" data-element_type=\"section\" data-settings=\"{&quot;background_background&quot;:&quot;classic&quot;,&quot;stretch_section&quot;:&quot;section-stretched&quot;}\">\n\t\t\t\t\t\t\t<div class=\"elementor-background-overlay\"><\/div>\n\t\t\t\t\t\t\t<div class=\"elementor-container elementor-column-gap-default\">\n\t\t\t\t\t<div class=\"elementor-column elementor-col-100 elementor-top-column elementor-element elementor-element-348ec94d\" data-id=\"348ec94d\" data-element_type=\"column\" data-settings=\"{&quot;background_background&quot;:&quot;classic&quot;}\">\n\t\t\t<div class=\"elementor-widget-wrap elementor-element-populated\">\n\t\t\t\t\t\t\t\t<section class=\"elementor-section elementor-inner-section elementor-element elementor-element-32e84a79 elementor-section-boxed elementor-section-height-default elementor-section-height-default\" data-id=\"32e84a79\" data-element_type=\"section\">\n\t\t\t\t\t\t<div class=\"elementor-container elementor-column-gap-default\">\n\t\t\t\t\t<div class=\"elementor-column elementor-col-100 elementor-inner-column elementor-element elementor-element-1be57136\" data-id=\"1be57136\" data-element_type=\"column\">\n\t\t\t<div class=\"elementor-widget-wrap elementor-element-populated\">\n\t\t\t\t\t\t\t\t<div class=\"elementor-element elementor-element-74f9afe9 elementor-widget elementor-widget-heading\" data-id=\"74f9afe9\" data-element_type=\"widget\" data-widget_type=\"heading.default\">\n\t\t\t\t<div class=\"elementor-widget-container\">\n\t\t\t<style>\/*! elementor - v3.8.0 - 30-10-2022 *\/\n.elementor-heading-title{padding:0;margin:0;line-height:1}.elementor-widget-heading .elementor-heading-title[class*=elementor-size-]>a{color:inherit;font-size:inherit;line-height:inherit}.elementor-widget-heading .elementor-heading-title.elementor-size-small{font-size:15px}.elementor-widget-heading .elementor-heading-title.elementor-size-medium{font-size:19px}.elementor-widget-heading .elementor-heading-title.elementor-size-large{font-size:29px}.elementor-widget-heading .elementor-heading-title.elementor-size-xl{font-size:39px}.elementor-widget-heading .elementor-heading-title.elementor-size-xxl{font-size:59px}<\/style><h2 class=\"elementor-heading-title elementor-size-default\">Catalogue<\/h2>\t\t<\/div>\n\t\t\t\t<\/div>\n\t\t\t\t<div class=\"elementor-element elementor-element-54737955 elementor-widget-divider--view-line elementor-widget elementor-widget-divider\" data-id=\"54737955\" data-element_type=\"widget\" data-widget_type=\"divider.default\">\n\t\t\t\t<div class=\"elementor-widget-container\">\n\t\t\t<style>\/*! elementor - v3.8.0 - 30-10-2022 *\/\n.elementor-widget-divider{--divider-border-style:none;--divider-border-width:1px;--divider-color:#2c2c2c;--divider-icon-size:20px;--divider-element-spacing:10px;--divider-pattern-height:24px;--divider-pattern-size:20px;--divider-pattern-url:none;--divider-pattern-repeat:repeat-x}.elementor-widget-divider .elementor-divider{display:-webkit-box;display:-ms-flexbox;display:flex}.elementor-widget-divider .elementor-divider__text{font-size:15px;line-height:1;max-width:95%}.elementor-widget-divider .elementor-divider__element{margin:0 var(--divider-element-spacing);-ms-flex-negative:0;flex-shrink:0}.elementor-widget-divider .elementor-icon{font-size:var(--divider-icon-size)}.elementor-widget-divider .elementor-divider-separator{display:-webkit-box;display:-ms-flexbox;display:flex;margin:0;direction:ltr}.elementor-widget-divider--view-line_icon .elementor-divider-separator,.elementor-widget-divider--view-line_text .elementor-divider-separator{-webkit-box-align:center;-ms-flex-align:center;align-items:center}.elementor-widget-divider--view-line_icon .elementor-divider-separator:after,.elementor-widget-divider--view-line_icon .elementor-divider-separator:before,.elementor-widget-divider--view-line_text .elementor-divider-separator:after,.elementor-widget-divider--view-line_text .elementor-divider-separator:before{display:block;content:\"\";border-bottom:0;-webkit-box-flex:1;-ms-flex-positive:1;flex-grow:1;border-top:var(--divider-border-width) var(--divider-border-style) var(--divider-color)}.elementor-widget-divider--element-align-left .elementor-divider .elementor-divider-separator>.elementor-divider__svg:first-of-type{-webkit-box-flex:0;-ms-flex-positive:0;flex-grow:0;-ms-flex-negative:100;flex-shrink:100}.elementor-widget-divider--element-align-left .elementor-divider-separator:before{content:none}.elementor-widget-divider--element-align-left .elementor-divider__element{margin-left:0}.elementor-widget-divider--element-align-right .elementor-divider .elementor-divider-separator>.elementor-divider__svg:last-of-type{-webkit-box-flex:0;-ms-flex-positive:0;flex-grow:0;-ms-flex-negative:100;flex-shrink:100}.elementor-widget-divider--element-align-right .elementor-divider-separator:after{content:none}.elementor-widget-divider--element-align-right .elementor-divider__element{margin-right:0}.elementor-widget-divider:not(.elementor-widget-divider--view-line_text):not(.elementor-widget-divider--view-line_icon) .elementor-divider-separator{border-top:var(--divider-border-width) var(--divider-border-style) var(--divider-color)}.elementor-widget-divider--separator-type-pattern{--divider-border-style:none}.elementor-widget-divider--separator-type-pattern.elementor-widget-divider--view-line .elementor-divider-separator,.elementor-widget-divider--separator-type-pattern:not(.elementor-widget-divider--view-line) .elementor-divider-separator:after,.elementor-widget-divider--separator-type-pattern:not(.elementor-widget-divider--view-line) .elementor-divider-separator:before,.elementor-widget-divider--separator-type-pattern:not([class*=elementor-widget-divider--view]) .elementor-divider-separator{width:100%;min-height:var(--divider-pattern-height);-webkit-mask-size:var(--divider-pattern-size) 100%;mask-size:var(--divider-pattern-size) 100%;-webkit-mask-repeat:var(--divider-pattern-repeat);mask-repeat:var(--divider-pattern-repeat);background-color:var(--divider-color);-webkit-mask-image:var(--divider-pattern-url);mask-image:var(--divider-pattern-url)}.elementor-widget-divider--no-spacing{--divider-pattern-size:auto}.elementor-widget-divider--bg-round{--divider-pattern-repeat:round}.rtl .elementor-widget-divider .elementor-divider__text{direction:rtl}.e-con-inner>.elementor-widget-divider,.e-con>.elementor-widget-divider{width:var(--container-widget-width,100%)}<\/style>\t\t<div class=\"elementor-divider\">\n\t\t\t<span class=\"elementor-divider-separator\">\n\t\t\t\t\t\t<\/span>\n\t\t<\/div>\n\t\t\t\t<\/div>\n\t\t\t\t<\/div>\n\t\t\t\t<div class=\"elementor-element elementor-element-8c2f5bb elementor-widget elementor-widget-text-editor\" data-id=\"8c2f5bb\" data-element_type=\"widget\" data-widget_type=\"text-editor.default\">\n\t\t\t\t<div class=\"elementor-widget-container\">\n\t\t\t<style>\/*! elementor - v3.8.0 - 30-10-2022 *\/\n.elementor-widget-text-editor.elementor-drop-cap-view-stacked .elementor-drop-cap{background-color:#818a91;color:#fff}.elementor-widget-text-editor.elementor-drop-cap-view-framed .elementor-drop-cap{color:#818a91;border:3px solid;background-color:transparent}.elementor-widget-text-editor:not(.elementor-drop-cap-view-default) .elementor-drop-cap{margin-top:8px}.elementor-widget-text-editor:not(.elementor-drop-cap-view-default) .elementor-drop-cap-letter{width:1em;height:1em}.elementor-widget-text-editor .elementor-drop-cap{float:left;text-align:center;line-height:1;font-size:50px}.elementor-widget-text-editor .elementor-drop-cap-letter{display:inline-block}<\/style>\t\t\t\t<p>Catalogue (m\u1ed9t s\u1ed1 n\u01a1i g\u1ecdi l\u00e0 Catalog) l\u00e0 m\u1ed9t quy\u1ec3n t\u00e0i li\u1ec7u, \u1ea5n ph\u1ea9m qu\u1ea3ng c\u00e1o \u0111\u01b0\u1ee3c ph\u00e1t h\u00e0nh v\u00e0 ph\u00e2n ph\u1ed1i qua c\u00e1c h\u1ec7 th\u1ed1ng c\u1eeda h\u00e0ng ho\u1eb7c qua email c\u1ee7a c\u00f4ng ty. Thi\u1ebft k\u1ebf Catalogue bao g\u1ed3m h\u00ecnh \u1ea3nh v\u00e0 c\u00e1c \u0111o\u1ea1n mi\u00eau t\u1ea3 th\u00f4ng tin chi ti\u1ebft v\u1ec1 s\u1ea3n ph\u1ea9m v\u00e0 d\u1ecbch v\u1ee5 \u0111ang \u0111\u01b0\u1ee3c cung c\u1ea5p b\u1edfi c\u00f4ng ty \u0111\u00f3.<\/p><p>Catalogue mang t\u00ednh ch\u1ea5t d\u00f9ng \u0111\u1ec3 tra c\u1ee9u th\u00f4ng tin m\u1ed9t c\u00e1ch k\u1ef9 l\u01b0\u1ee1ng v\u00e0 \u0111\u1ea7y \u0111\u1ee7 nh\u1ea5t. S\u1ed1 l\u01b0\u1ee3ng trang t\u1ed1i thi\u1ec3u c\u1ee7a m\u1ed9t \u00a0cu\u1ed1n catalogue l\u00e0 kho\u1ea3ng 16-20 trang. N\u1ebfu s\u1ed1 l\u01b0\u1ee3ng trang ch\u1ec9 kho\u1ea3ng 4 ho\u1eb7c 6 trang, cu\u1ed1n catalogue s\u1ebd tr\u1edf th\u00e0nh t\u1edd g\u1ea5p s\u1ea3n ph\u1ea9m ho\u1eb7c Brochure.\u00a0<\/p>\t\t\t\t\t\t<\/div>\n\t\t\t\t<\/div>\n\t\t\t\t\t<\/div>\n\t\t<\/div>\n\t\t\t\t\t\t\t<\/div>\n\t\t<\/section>\n\t\t\t\t<div class=\"elementor-element elementor-element-4b9b35b0 elementor-widget elementor-widget-spacer\" data-id=\"4b9b35b0\" data-element_type=\"widget\" data-widget_type=\"spacer.default\">\n\t\t\t\t<div class=\"elementor-widget-container\">\n\t\t\t<style>\/*! elementor - v3.8.0 - 30-10-2022 *\/\n.elementor-column .elementor-spacer-inner{height:var(--spacer-size)}.e-con{--container-widget-width:100%}.e-con-inner>.elementor-widget-spacer,.e-con>.elementor-widget-spacer{width:var(--container-widget-width,var(--spacer-size));-ms-flex-item-align:stretch;align-self:stretch;-ms-flex-negative:0;flex-shrink:0}.e-con-inner>.elementor-widget-spacer>.elementor-widget-container,.e-con-inner>.elementor-widget-spacer>.elementor-widget-container>.elementor-spacer,.e-con>.elementor-widget-spacer>.elementor-widget-container,.e-con>.elementor-widget-spacer>.elementor-widget-container>.elementor-spacer{height:100%}.e-con-inner>.elementor-widget-spacer>.elementor-widget-container>.elementor-spacer>.elementor-spacer-inner,.e-con>.elementor-widget-spacer>.elementor-widget-container>.elementor-spacer>.elementor-spacer-inner{height:var(--container-widget-height,var(--spacer-size))}<\/style>\t\t<div class=\"elementor-spacer\">\n\t\t\t<div class=\"elementor-spacer-inner\"><\/div>\n\t\t<\/div>\n\t\t\t\t<\/div>\n\t\t\t\t<\/div>\n\t\t\t\t<section class=\"elementor-section elementor-inner-section elementor-element elementor-element-2b9e69e5 elementor-section-full_width elementor-section-height-default elementor-section-height-default\" data-id=\"2b9e69e5\" data-element_type=\"section\">\n\t\t\t\t\t\t<div class=\"elementor-container elementor-column-gap-default\">\n\t\t\t\t\t<div class=\"elementor-column elementor-col-33 elementor-inner-column elementor-element elementor-element-100ea61c\" data-id=\"100ea61c\" data-element_type=\"column\">\n\t\t\t<div class=\"elementor-widget-wrap elementor-element-populated\">\n\t\t\t\t\t\t\t\t<div class=\"elementor-element elementor-element-7664069e elementor-widget elementor-widget-image\" data-id=\"7664069e\" data-element_type=\"widget\" data-widget_type=\"image.default\">\n\t\t\t\t<div class=\"elementor-widget-container\">\n\t\t\t<style>\/*! elementor - v3.8.0 - 30-10-2022 *\/\n.elementor-widget-image{text-align:center}.elementor-widget-image a{display:inline-block}.elementor-widget-image a img[src$=\".svg\"]{width:48px}.elementor-widget-image img{vertical-align:middle;display:inline-block}<\/style>\t\t\t\t\t\t\t\t\t\t\t\t<img decoding=\"async\" src=\"https:\/\/quangthinhdesign.website\/wp-content\/uploads\/elementor\/thumbs\/Catalogue-Kelly-pxhpzhtxpax1stoe8p6td18bzy4usmleyfztzkmb4s.jpg\" title=\"Catalogue-Kelly\" alt=\"Catalogue-Kelly\" class=\"elementor-animation-grow\" \/>\t\t\t\t\t\t\t\t\t\t\t\t\t\t\t<\/div>\n\t\t\t\t<\/div>\n\t\t\t\t<div class=\"elementor-element elementor-element-385f0ed7 elementor-widget elementor-widget-image\" data-id=\"385f0ed7\" data-element_type=\"widget\" data-widget_type=\"image.default\">\n\t\t\t\t<div class=\"elementor-widget-container\">\n\t\t\t\t\t\t\t\t\t\t\t\t\t\t\t<img decoding=\"async\" src=\"https:\/\/quangthinhdesign.website\/wp-content\/uploads\/elementor\/thumbs\/bia-catalogue_1200x800-pxsjtbqshjyxupi0hbge3u6m0ga8ypeh03vf7ter0g.jpg\" title=\"bia catalogue_1200x800\" alt=\"bia catalogue_1200x800\" class=\"elementor-animation-grow\" \/>\t\t\t\t\t\t\t\t\t\t\t\t\t\t\t<\/div>\n\t\t\t\t<\/div>\n\t\t\t\t<div class=\"elementor-element elementor-element-861b462 elementor-widget elementor-widget-image\" data-id=\"861b462\" data-element_type=\"widget\" data-widget_type=\"image.default\">\n\t\t\t\t<div class=\"elementor-widget-container\">\n\t\t\t\t\t\t\t\t\t\t\t\t\t\t\t<img decoding=\"async\" src=\"https:\/\/quangthinhdesign.website\/wp-content\/uploads\/elementor\/thumbs\/Page3-4-MK_1200x800-pxsk06ycezdco5ixdsb9tlsu8sfs73nvm3g4fl87k0.jpg\" title=\"Page3-4-MK_1200x800\" alt=\"Page3-4-MK_1200x800\" class=\"elementor-animation-grow\" \/>\t\t\t\t\t\t\t\t\t\t\t\t\t\t\t<\/div>\n\t\t\t\t<\/div>\n\t\t\t\t<div class=\"elementor-element elementor-element-de4799a elementor-widget elementor-widget-image\" data-id=\"de4799a\" data-element_type=\"widget\" data-widget_type=\"image.default\">\n\t\t\t\t<div class=\"elementor-widget-container\">\n\t\t\t\t\t\t\t\t\t\t\t\t\t\t\t<img decoding=\"async\" src=\"https:\/\/quangthinhdesign.website\/wp-content\/uploads\/elementor\/thumbs\/Page9-10-MK_1200x800-pxsk6awku7qg4wnfpfdz12ap8ybo89x2gc3qqc6340.jpg\" title=\"Page9-10-MK_1200x800\" alt=\"Page9-10-MK_1200x800\" class=\"elementor-animation-grow\" \/>\t\t\t\t\t\t\t\t\t\t\t\t\t\t\t<\/div>\n\t\t\t\t<\/div>\n\t\t\t\t\t<\/div>\n\t\t<\/div>\n\t\t\t\t<div class=\"elementor-column elementor-col-33 elementor-inner-column elementor-element elementor-element-40dccb33\" data-id=\"40dccb33\" data-element_type=\"column\">\n\t\t\t<div class=\"elementor-widget-wrap elementor-element-populated\">\n\t\t\t\t\t\t\t\t<div class=\"elementor-element elementor-element-593b562a elementor-widget elementor-widget-image\" data-id=\"593b562a\" data-element_type=\"widget\" data-widget_type=\"image.default\">\n\t\t\t\t<div class=\"elementor-widget-container\">\n\t\t\t\t\t\t\t\t\t\t\t\t\t\t\t<img decoding=\"async\" src=\"https:\/\/quangthinhdesign.website\/wp-content\/uploads\/elementor\/thumbs\/Bela-catalogue-trang-3-4_1200x800-pxsjrg2etheams8bgi794b9f8pjtkhxsqswgnw73gg.jpg\" title=\"Bela-catalogue-trang-3-4_1200x800\" alt=\"Bela-catalogue-trang-3-4_1200x800\" class=\"elementor-animation-grow\" \/>\t\t\t\t\t\t\t\t\t\t\t\t\t\t\t<\/div>\n\t\t\t\t<\/div>\n\t\t\t\t<div class=\"elementor-element elementor-element-33c36bd6 elementor-widget elementor-widget-image\" data-id=\"33c36bd6\" data-element_type=\"widget\" data-widget_type=\"image.default\">\n\t\t\t\t<div class=\"elementor-widget-container\">\n\t\t\t\t\t\t\t\t\t\t\t\t\t\t\t<img decoding=\"async\" src=\"https:\/\/quangthinhdesign.website\/wp-content\/uploads\/elementor\/thumbs\/Bela-catalogue-trang-13-14_1200x800-pxsjuqi2qlwf9nga8xe8uhdi39c2iczz733n4rbhog.jpg\" title=\"Bela-catalogue-trang-13-14_1200x800\" alt=\"Bela-catalogue-trang-13-14_1200x800\" class=\"elementor-animation-grow\" \/>\t\t\t\t\t\t\t\t\t\t\t\t\t\t\t<\/div>\n\t\t\t\t<\/div>\n\t\t\t\t<div class=\"elementor-element elementor-element-e2ae980 elementor-widget elementor-widget-image\" data-id=\"e2ae980\" data-element_type=\"widget\" data-widget_type=\"image.default\">\n\t\t\t\t<div class=\"elementor-widget-container\">\n\t\t\t\t\t\t\t\t\t\t\t\t\t\t\t<img decoding=\"async\" src=\"https:\/\/quangthinhdesign.website\/wp-content\/uploads\/elementor\/thumbs\/Page5-6-MK_1200x800-pxsk0tigz088esm5q22bhg3wi1clbu5fp73ry8areo.jpg\" title=\"Page5-6-MK_1200x800\" alt=\"Page5-6-MK_1200x800\" class=\"elementor-animation-grow\" \/>\t\t\t\t\t\t\t\t\t\t\t\t\t\t\t<\/div>\n\t\t\t\t<\/div>\n\t\t\t\t<div class=\"elementor-element elementor-element-c682ade elementor-widget elementor-widget-image\" data-id=\"c682ade\" data-element_type=\"widget\" data-widget_type=\"image.default\">\n\t\t\t\t<div class=\"elementor-widget-container\">\n\t\t\t\t\t\t\t\t\t\t\t\t\t\t\t<img decoding=\"async\" src=\"https:\/\/quangthinhdesign.website\/wp-content\/uploads\/elementor\/thumbs\/Page11-12-MK_1200x800-pxsk6un6tqhgwpuri5x4zfbdq1mdpx3fj1sxt5cthc.jpg\" title=\"Page11-12-MK_1200x800\" alt=\"Page11-12-MK_1200x800\" class=\"elementor-animation-grow\" \/>\t\t\t\t\t\t\t\t\t\t\t\t\t\t\t<\/div>\n\t\t\t\t<\/div>\n\t\t\t\t\t<\/div>\n\t\t<\/div>\n\t\t\t\t<div class=\"elementor-column elementor-col-33 elementor-inner-column elementor-element elementor-element-914666f\" data-id=\"914666f\" data-element_type=\"column\">\n\t\t\t<div class=\"elementor-widget-wrap elementor-element-populated\">\n\t\t\t\t\t\t\t\t<div class=\"elementor-element elementor-element-eb1db37 elementor-widget elementor-widget-image\" data-id=\"eb1db37\" data-element_type=\"widget\" data-widget_type=\"image.default\">\n\t\t\t\t<div class=\"elementor-widget-container\">\n\t\t\t\t\t\t\t\t\t\t\t\t\t\t\t<img decoding=\"async\" src=\"https:\/\/quangthinhdesign.website\/wp-content\/uploads\/elementor\/thumbs\/Bela-catalogue-trang-5-6_1200x800-pxsjsmd5d10758ivlihgqil5z1rc6vlpwm9b9cgdog.jpg\" title=\"Bela-catalogue-trang-5-6_1200x800\" alt=\"Bela-catalogue-trang-5-6_1200x800\" class=\"elementor-animation-grow\" \/>\t\t\t\t\t\t\t\t\t\t\t\t\t\t\t<\/div>\n\t\t\t\t<\/div>\n\t\t\t\t<div class=\"elementor-element elementor-element-37e348ad elementor-widget elementor-widget-image\" data-id=\"37e348ad\" data-element_type=\"widget\" data-widget_type=\"image.default\">\n\t\t\t\t<div class=\"elementor-widget-container\">\n\t\t\t\t\t\t\t\t\t\t\t\t\t\t\t<img decoding=\"async\" src=\"https:\/\/quangthinhdesign.website\/wp-content\/uploads\/elementor\/thumbs\/Page1-2-MK_1200x800-pxsjzdtcj49go8p93xpu6b5jtufekhg76382k0feww.jpg\" title=\"Page1-2-MK_1200x800\" alt=\"Page1-2-MK_1200x800\" class=\"elementor-animation-grow\" \/>\t\t\t\t\t\t\t\t\t\t\t\t\t\t\t<\/div>\n\t\t\t\t<\/div>\n\t\t\t\t<div class=\"elementor-element elementor-element-7a68480 elementor-widget elementor-widget-image\" data-id=\"7a68480\" data-element_type=\"widget\" data-widget_type=\"image.default\">\n\t\t\t\t<div class=\"elementor-widget-container\">\n\t\t\t\t\t\t\t\t\t\t\t\t\t\t\t<img decoding=\"async\" src=\"https:\/\/quangthinhdesign.website\/wp-content\/uploads\/elementor\/thumbs\/Page7-8-MK_1200x800-pxsk52q5x01yz8flveai9vg1budf6i1om9fx6bzl8g.jpg\" title=\"Page7-8-MK_1200x800\" alt=\"Page7-8-MK_1200x800\" class=\"elementor-animation-grow\" \/>\t\t\t\t\t\t\t\t\t\t\t\t\t\t\t<\/div>\n\t\t\t\t<\/div>\n\t\t\t\t<div class=\"elementor-element elementor-element-f547157 elementor-widget elementor-widget-image\" data-id=\"f547157\" data-element_type=\"widget\" data-widget_type=\"image.default\">\n\t\t\t\t<div class=\"elementor-widget-container\">\n\t\t\t\t\t\t\t\t\t\t\t\t\t\t\t<img decoding=\"async\" src=\"https:\/\/quangthinhdesign.website\/wp-content\/uploads\/elementor\/thumbs\/Page15-16-MK_1200x800-pxsk7ns6pllcwmofs0ikmpyo4zmrcjb3z20zoq5m4g.jpg\" title=\"Page15-16-MK_1200x800\" alt=\"Page15-16-MK_1200x800\" class=\"elementor-animation-grow\" \/>\t\t\t\t\t\t\t\t\t\t\t\t\t\t\t<\/div>\n\t\t\t\t<\/div>\n\t\t\t\t\t<\/div>\n\t\t<\/div>\n\t\t\t\t\t\t\t<\/div>\n\t\t<\/section>\n\t\t\t\t\t<\/div>\n\t\t<\/div>\n\t\t\t\t\t\t\t<\/div>\n\t\t<\/section>\n\t\t\t\t\t\t\t<\/div>\n\t\t","protected":false},"excerpt":{"rendered":"<p>Catalogue Catalogue (m\u1ed9t s\u1ed1 n\u01a1i g\u1ecdi l\u00e0 Catalog) l\u00e0 m\u1ed9t quy\u1ec3n t\u00e0i li\u1ec7u, \u1ea5n ph\u1ea9m qu\u1ea3ng c\u00e1o \u0111\u01b0\u1ee3c ph\u00e1t h\u00e0nh v\u00e0 ph\u00e2n ph\u1ed1i qua c\u00e1c h\u1ec7 th\u1ed1ng c\u1eeda h\u00e0ng ho\u1eb7c qua email c\u1ee7a c\u00f4ng ty. Thi\u1ebft k\u1ebf Catalogue bao g\u1ed3m h\u00ecnh \u1ea3nh v\u00e0 c\u00e1c \u0111o\u1ea1n mi\u00eau t\u1ea3 th\u00f4ng tin chi ti\u1ebft v\u1ec1 s\u1ea3n ph\u1ea9m v\u00e0 [&hellip;]<\/p>\n","protected":false},"author":1,"featured_media":0,"parent":56,"menu_order":0,"comment_status":"closed","ping_status":"closed","template":"","meta":{"om_disable_all_campaigns":false,"_monsterinsights_skip_tracking":false,"_monsterinsights_sitenote_active":false,"_monsterinsights_sitenote_note":"","_monsterinsights_sitenote_category":0,"footnotes":""},"class_list":["post-739","page","type-page","status-publish","hentry"],"aioseo_notices":[],"_links":{"self":[{"href":"https:\/\/quangthinhdesign.website\/index.php\/wp-json\/wp\/v2\/pages\/739","targetHints":{"allow":["GET"]}}],"collection":[{"href":"https:\/\/quangthinhdesign.website\/index.php\/wp-json\/wp\/v2\/pages"}],"about":[{"href":"https:\/\/quangthinhdesign.website\/index.php\/wp-json\/wp\/v2\/types\/page"}],"author":[{"embeddable":true,"href":"https:\/\/quangthinhdesign.website\/index.php\/wp-json\/wp\/v2\/users\/1"}],"replies":[{"embeddable":true,"href":"https:\/\/quangthinhdesign.website\/index.php\/wp-json\/wp\/v2\/comments?post=739"}],"version-history":[{"count":19,"href":"https:\/\/quangthinhdesign.website\/index.php\/wp-json\/wp\/v2\/pages\/739\/revisions"}],"predecessor-version":[{"id":1660,"href":"https:\/\/quangthinhdesign.website\/index.php\/wp-json\/wp\/v2\/pages\/739\/revisions\/1660"}],"up":[{"embeddable":true,"href":"https:\/\/quangthinhdesign.website\/index.php\/wp-json\/wp\/v2\/pages\/56"}],"wp:attachment":[{"href":"https:\/\/quangthinhdesign.website\/index.php\/wp-json\/wp\/v2\/media?parent=739"}],"curies":[{"name":"wp","href":"https:\/\/api.w.org\/{rel}","templated":true}]}}